{"id":5944,"date":"2022-08-25T21:59:19","date_gmt":"2022-08-25T21:59:19","guid":{"rendered":"https:\/\/neovision.com.vn\/?post_type=product&#038;p=5944"},"modified":"2022-09-10T09:49:00","modified_gmt":"2022-09-10T09:49:00","slug":"khau-trang-fiume-fm038","status":"publish","type":"product","link":"https:\/\/neovision.com.vn\/en\/product\/khau-trang-fiume-fm038\/","title":{"rendered":"Face mask Fiume FM038"},"content":{"rendered":"<p><strong>&#8211; \u0110\u1eb6C \u0110I\u1ec2M K\u1ef8 THU\u1eacT S\u1ea2N PH\u1ea8M<\/strong><\/p>\n<p>Properties: Anti-fine dust-anti-bacteria-anti-pollution.<\/p>\n<p>The mask is made of a special fabric, which feels comfortable and breathable.<\/p>\n<p>The filter design hugs the face, ensuring the best coverage.<\/p>\n<p>5-layer filter design helps to filter more than 99% of dirt, resistant to fine dust PM0.1<\/p>\n<p>Thi\u1ebft k\u1ebf t\u1ed1i gi\u1ea3n nh\u01b0ng kh\u00f4ng k\u00e9m ph\u1ea7n th\u1eddi th\u01b0\u1ee3ng, v\u1eeba gi\u00fap b\u1ea3o v\u1ec7 s\u1ee9c kho\u1ebb v\u1eeba c\u00f3 th\u1ec3 mix&amp;match nhi\u1ec1u phong c\u00e1ch kh\u00e1c nhau.<\/p>\n<p>The product is used in environments with a lot of dust and toxic fumes.<\/p>\n<p><strong>&#8211; H\u01af\u1edaNG D\u1eaaN S\u1eec D\u1ee4NG<\/strong><\/p>\n<p>The mask can be cleaned normally, please remove the filter before washing.<\/p>\n<p>Store in a cool, dry place, away from dust.<\/p>\n<p>The product filter is replaceable.<\/p>\n<p>M\u1ed7i b\u1ed9 l\u1ecdc c\u00f3 th\u1ec3 s\u1eed d\u1ee5ng \u0111\u1ebfn 1 &#8211; 3 th\u00e1ng (t\u00f9y theo m\u1ee9c \u0111\u1ed9 \u00f4 nhi\u1ec5m).<\/p>\n<p><img loading=\"lazy\" class=\"alignnone wp-image-7917\" src=\"https:\/\/neovision.com.vn\/wp-content\/uploads\/2022\/08\/A\u0309nh-chu\u0323p-Ma\u0300n-hi\u0300nh-2019-12-09-lu\u0301c-10_07_37-300x202.png\" alt=\"\" width=\"823\" height=\"554\" srcset=\"https:\/\/neovision.com.vn\/wp-content\/uploads\/2022\/08\/A\u0309nh-chu\u0323p-Ma\u0300n-hi\u0300nh-2019-12-09-lu\u0301c-10_07_37-300x202.png 300w, https:\/\/neovision.com.vn\/wp-content\/uploads\/2022\/08\/A\u0309nh-chu\u0323p-Ma\u0300n-hi\u0300nh-2019-12-09-lu\u0301c-10_07_37-768x517.png 768w, https:\/\/neovision.com.vn\/wp-content\/uploads\/2022\/08\/A\u0309nh-chu\u0323p-Ma\u0300n-hi\u0300nh-2019-12-09-lu\u0301c-10_07_37-600x404.png 600w, https:\/\/neovision.com.vn\/wp-content\/uploads\/2022\/08\/A\u0309nh-chu\u0323p-Ma\u0300n-hi\u0300nh-2019-12-09-lu\u0301c-10_07_37.png 1020w\" sizes=\"(max-width: 823px) 100vw, 823px\" \/><\/p>","protected":false},"excerpt":{"rendered":"<p>Kh\u1ea9u trang Fiume FM038 s\u1eafc h\u1ed3ng th\u1eddi trang, n\u1ed5i b\u1eadt v\u1edbi &#8220;\u0111\u00f4i m\u00f4i quy\u1ebfn r\u0169&#8221; gi\u00fap b\u1ea1n d\u1ec5 d\u00e0ng th\u1ec3 hi\u1ec7n gu th\u1eddi trang c\u00e1 t\u00ednh c\u1ee7a m\u00ecnh. Kh\u1ea9u trang c\u00f3 van gi\u00fap b\u1ea3o v\u1ec7 s\u1ee9c kho\u1ebb ng\u01b0\u1eddi ti\u00eau d\u00f9ng m\u1ed9t c\u00e1ch t\u1ed1t nh\u1ea5t. B\u00ean c\u1ea1nh \u0111\u00f3, kh\u1ea9u trang \u0111\u01b0\u1ee3c s\u1ea3n xu\u1ea5t b\u1eb1ng quy tr\u00ecnh nghi\u00eam ng\u1eb7t, \u0111\u01b0\u1ee3c Nelson M\u1ef9 ch\u1ee9ng nh\u1eadn gi\u00fap b\u1ea1n ho\u00e0n to\u00e0n y\u00ean t\u00e2m v\u1ec1 s\u1ee9c kho\u1ebb b\u1ea3n th\u00e2n khi s\u1eed d\u1ee5ng.<\/p>","protected":false},"featured_media":5945,"template":"","meta":[],"product_cat":[33],"product_tag":[],"_links":{"self":[{"href":"https:\/\/neovision.com.vn\/en\/wp-json\/wp\/v2\/product\/5944"}],"collection":[{"href":"https:\/\/neovision.com.vn\/en\/wp-json\/wp\/v2\/product"}],"about":[{"href":"https:\/\/neovision.com.vn\/en\/wp-json\/wp\/v2\/types\/product"}],"wp:featuredmedia":[{"embeddable":true,"href":"https:\/\/neovision.com.vn\/en\/wp-json\/wp\/v2\/media\/5945"}],"wp:attachment":[{"href":"https:\/\/neovision.com.vn\/en\/wp-json\/wp\/v2\/media?parent=5944"}],"wp:term":[{"taxonomy":"product_cat","embeddable":true,"href":"https:\/\/neovision.com.vn\/en\/wp-json\/wp\/v2\/product_cat?post=5944"},{"taxonomy":"product_tag","embeddable":true,"href":"https:\/\/neovision.com.vn\/en\/wp-json\/wp\/v2\/product_tag?post=5944"}],"curies":[{"name":"wp","href":"https:\/\/api.w.org\/{rel}","templated":true}]}}