{"id":4616,"date":"2022-08-18T23:06:51","date_gmt":"2022-08-18T23:06:51","guid":{"rendered":"https:\/\/neovision.com.vn\/?post_type=product&#038;p=4616"},"modified":"2022-10-01T03:35:57","modified_gmt":"2022-10-01T03:35:57","slug":"loc-than-hoat-tinh-khau-trang-vc65-acn-vc65-new","status":"publish","type":"product","link":"https:\/\/neovision.com.vn\/en\/product\/loc-than-hoat-tinh-khau-trang-vc65-acn-vc65-new\/","title":{"rendered":"L\u1ecdc than ho\u1ea1t t\u00ednh kh\u1ea9u trang VC65 (ACN-VC65) NEW"},"content":{"rendered":"<p>Than ho\u1ea1t t\u00ednh \u00e9p trong v\u1ea3i kh\u00f4ng d\u1ec7t (Activated Carbon Nonwoven) c\u00f3 t\u00ednh n\u0103ng ng\u0103n ng\u1eeba \u0111\u01b0\u1ee3c h\u1ea7u h\u1ebft s\u1ef1 th\u00e2m nh\u1eadp v\u00e0o \u0111\u01b0\u1eddng h\u00f4 h\u1ea5p c\u1ee7a c\u00e1c h\u1ea1t b\u1ee5i c\u1ef1c nh\u1ecf v\u00e0 c\u00e1c ch\u1ea5t th\u1ea3i \u00f4 nhi\u1ec5m kh\u00e1c.<br \/>\nS\u1ea3n ph\u1ea9m s\u1eed d\u1ee5ng cho d\u00f2ng VC65 TQT NEW (thun qu\u00e0ng tai)<br \/>\nSau t\u1eeb 1-3 th\u00e1ng s\u1eed d\u1ee5ng th\u00ec ti\u1ebfn h\u00e0nh thay l\u1ecdc than m\u1edbi.<\/p>\n<p>&nbsp;<\/p>\n<p><img loading=\"lazy\" class=\"alignnone wp-image-7917\" src=\"https:\/\/neovision.com.vn\/wp-content\/uploads\/2022\/08\/A\u0309nh-chu\u0323p-Ma\u0300n-hi\u0300nh-2019-12-09-lu\u0301c-10_07_37-300x202.png\" alt=\"\" width=\"823\" height=\"554\" srcset=\"https:\/\/neovision.com.vn\/wp-content\/uploads\/2022\/08\/A\u0309nh-chu\u0323p-Ma\u0300n-hi\u0300nh-2019-12-09-lu\u0301c-10_07_37-300x202.png 300w, https:\/\/neovision.com.vn\/wp-content\/uploads\/2022\/08\/A\u0309nh-chu\u0323p-Ma\u0300n-hi\u0300nh-2019-12-09-lu\u0301c-10_07_37-768x517.png 768w, https:\/\/neovision.com.vn\/wp-content\/uploads\/2022\/08\/A\u0309nh-chu\u0323p-Ma\u0300n-hi\u0300nh-2019-12-09-lu\u0301c-10_07_37-600x404.png 600w, https:\/\/neovision.com.vn\/wp-content\/uploads\/2022\/08\/A\u0309nh-chu\u0323p-Ma\u0300n-hi\u0300nh-2019-12-09-lu\u0301c-10_07_37.png 1020w\" sizes=\"(max-width: 823px) 100vw, 823px\" \/><\/p>","protected":false},"excerpt":{"rendered":"<p>Than ho\u1ea1t t\u00ednh \u00e9p trong v\u1ea3i kh\u00f4ng d\u1ec7t (Activated Carbon Nonwoven) c\u00f3 t\u00ednh n\u0103ng ng\u0103n ng\u1eeba \u0111\u01b0\u1ee3c h\u1ea7u h\u1ebft s\u1ef1 th\u00e2m nh\u1eadp v\u00e0o \u0111\u01b0\u1eddng h\u00f4 h\u1ea5p c\u1ee7a c\u00e1c h\u1ea1t b\u1ee5i c\u1ef1c nh\u1ecf v\u00e0 c\u00e1c ch\u1ea5t th\u1ea3i \u00f4 nhi\u1ec5m kh\u00e1c.<\/p>","protected":false},"featured_media":5831,"template":"","meta":[],"product_cat":[45],"product_tag":[],"_links":{"self":[{"href":"https:\/\/neovision.com.vn\/en\/wp-json\/wp\/v2\/product\/4616"}],"collection":[{"href":"https:\/\/neovision.com.vn\/en\/wp-json\/wp\/v2\/product"}],"about":[{"href":"https:\/\/neovision.com.vn\/en\/wp-json\/wp\/v2\/types\/product"}],"wp:featuredmedia":[{"embeddable":true,"href":"https:\/\/neovision.com.vn\/en\/wp-json\/wp\/v2\/media\/5831"}],"wp:attachment":[{"href":"https:\/\/neovision.com.vn\/en\/wp-json\/wp\/v2\/media?parent=4616"}],"wp:term":[{"taxonomy":"product_cat","embeddable":true,"href":"https:\/\/neovision.com.vn\/en\/wp-json\/wp\/v2\/product_cat?post=4616"},{"taxonomy":"product_tag","embeddable":true,"href":"https:\/\/neovision.com.vn\/en\/wp-json\/wp\/v2\/product_tag?post=4616"}],"curies":[{"name":"wp","href":"https:\/\/api.w.org\/{rel}","templated":true}]}}