{"id":4614,"date":"2022-08-18T23:05:52","date_gmt":"2022-08-18T23:05:52","guid":{"rendered":"https:\/\/neovision.com.vn\/?post_type=product&#038;p=4614"},"modified":"2022-10-18T13:53:31","modified_gmt":"2022-10-18T13:53:31","slug":"non-chong-nang-koolcap","status":"publish","type":"product","link":"https:\/\/neovision.com.vn\/en\/product\/non-chong-nang-koolcap\/","title":{"rendered":"No\u0301n ch\u1ed1ng n\u1eafng Koolcap"},"content":{"rendered":"<h2><strong>1. \u0110\u1eb6C \u0110I\u1ec2M S\u1ea2N PH\u1ea8M<\/strong><\/h2>\n<p>Thi\u1ebft k\u1ebf d\u1ea1ng n\u00f3n l\u01b0\u1ee1i trai che k\u00edn to\u00e0n b\u1ed9 ph\u1ea7n tai, g\u00e1y v\u00e0 c\u1ed5.<br \/>\nV\u1ea3i ch\u1ed1ng n\u1eafng \u0111\u00e3 \u0111\u01b0\u1ee3c ki\u1ec3m tra v\u00e0 th\u1ea9m \u0111\u1ecbnh theo ti\u00eau chu\u1ea9n c\u1ee7a AATCC 183, ASTM D6544 v\u00e0 ASTM D6603<\/p>\n<p><strong><em>NG\u0102N CH\u1eb6N HI\u1ec6U QU\u1ea2 C\u00c1C TIA C\u1ef0C T\u00cdM<\/em><\/strong><\/p>\n<p>&#8211; \u0110\u00e3 qua ki\u1ec3m tra gi\u1eb7t tr\u00ean 40 l\u1ea7n<br \/>\n&#8211; \u0110\u00e3 qua ki\u1ec3m tra 100 gi\u1edd li\u00ean t\u1ee5c v\u1edbi tia c\u1ef1c t\u00edm.<\/p>\n<p>&#8211; \u0110\u1ea1t ch\u1ee9ng ch\u1ec9 qu\u1ed1c t\u1ebf v\u1ec1 ng\u0103n ch\u1eb7n tia C\u1ef1c T\u00edm c\u1ee7a Internation UV Testing Laboratory.<\/p>\n<p>V\u1ea3i Ch\u1ed1ng N\u1eafng c\u1ee7a NeoVision tho\u00e1ng m\u00e1t, b\u1ec1n, m\u1ec1m v\u00e0 kh\u00f4ng b\u1ecb gi\u00e3n<br \/>\nTh\u1eddi gian s\u1eed d\u1ee5ng l\u00e2u d\u00e0i, s\u1eed d\u1ee5ng c\u00f9ng kh\u1ea9u trang Koolmask, Kool NeoMask VC \u0111\u1ec3 \u0111\u1ea1t hi\u1ec7u qu\u1ea3 cao h\u01a1n.<\/p>\n<h2><strong>2. TI\u00caU CHU\u1ea8N CH\u1ea4T L\u01af\u1ee2NG<\/strong><\/h2>\n<p dir=\"ltr\">Nguy\u00ean li\u1ec7u ch\u00ednh l\u00e0\u00a0<strong>V\u1ea3i Ch\u1ed1ng N\u1eafng \u0110\u1eb7c Bi\u1ec7t<\/strong>\u00a0\u0111\u1ea1t c\u00e1c ch\u1ee9ng ch\u1ec9:<\/p>\n<p dir=\"ltr\">&#8211; Ch\u1ee9ng ch\u1ec9 ch\u1ed1ng n\u1eafng t\u1ea1i Nh\u1eadt B\u1ea3n (ng\u0103n c\u1ea3n tr\u00ean 98% tia UVA &amp; UVB) ng\u00e0y 23\/06\/2010<\/p>\n<p dir=\"ltr\">&#8211;\u00a0 \u0110\u1ea1t chu\u1ea9n\u00a0 AATCC183 &#8211; ASTM6544 &#8211; ASTM6603 c\u1ee7a M\u1ef9.<\/p>\n<p dir=\"ltr\">&#8211;\u00a0 Ch\u1ec9 s\u1ed1 ch\u1ed1ng n\u1eafng SPF 50+ (Ch\u1ec9 s\u1ed1 cao nh\u1ea5t), \u0111\u00e3 \u0111\u01b0\u1ee3c Ph\u00e2n Vi\u1ec7n V\u1eadt L\u00fd Th\u00e0nh Ph\u1ed1 H\u1ed3 Ch\u00ed Minh ki\u1ec3m \u0111\u1ecbnh v\u00e0 \u0111\u1ea1t ti\u00eau chu\u1ea9n ng\u00e0y 28\/04\/2003.<\/p>\n<h2><strong>3. N\u00d3N CH\u1ed0NG N\u1eaeNG KOOLCAP PH\u00d9 H\u1ee2P V\u1edaI C\u00c1C HO\u1ea0T \u0110\u1ed8NG<\/strong><\/h2>\n<div>\n<ul>\n<li>Du l\u1ecbch: b\u00e3i bi\u1ec3n, leo n\u00fai, picnic,&#8230;<\/li>\n<li>Th\u1ec3 thao ngo\u00e0i tr\u1eddi: ch\u01a1i Golf, tennis, \u0111i b\u1ed9,&#8230;<\/li>\n<li>L\u00e0m vi\u1ec7c ngo\u00e0i tr\u1eddi: \u0111i xe m\u00e1y, l\u00e0m v\u01b0\u1eddn, c\u00f4ng tr\u00ecnh, v\u00e0 c\u00e1c c\u00f4ng vi\u1ec7c kh\u00e1c&#8230;<\/li>\n<\/ul>\n<h2><strong>4. H\u01af\u1edaNG D\u1eaaN B\u1ea2O QU\u1ea2N<\/strong><\/h2>\n<ul>\n<li>Gi\u1eb7t th\u00f4ng th\u01b0\u1eddng v\u00e0 ph\u01a1i kh\u00f4<\/li>\n<li>Kh\u00f4ng s\u1eed d\u1ee5ng c\u00e1c lo\u1ea1i x\u00e0 ph\u00f2ng c\u00f3 ch\u1ea5t t\u1ea9y m\u1ea1nh ho\u1eb7c c\u00e1c lo\u1ea1i ch\u1ea5t t\u1ea9y kh\u00e1c<\/li>\n<li>C\u1ea5t gi\u1eef n\u01a1i kh\u00f4 tho\u00e1ng<\/li>\n<\/ul>\n<\/div>\n<p>&nbsp;<\/p>\n<p><img loading=\"lazy\" class=\"alignnone wp-image-7917\" src=\"https:\/\/neovision.com.vn\/wp-content\/uploads\/2022\/08\/A\u0309nh-chu\u0323p-Ma\u0300n-hi\u0300nh-2019-12-09-lu\u0301c-10_07_37-300x202.png\" alt=\"\" width=\"823\" height=\"554\" srcset=\"https:\/\/neovision.com.vn\/wp-content\/uploads\/2022\/08\/A\u0309nh-chu\u0323p-Ma\u0300n-hi\u0300nh-2019-12-09-lu\u0301c-10_07_37-300x202.png 300w, https:\/\/neovision.com.vn\/wp-content\/uploads\/2022\/08\/A\u0309nh-chu\u0323p-Ma\u0300n-hi\u0300nh-2019-12-09-lu\u0301c-10_07_37-768x517.png 768w, https:\/\/neovision.com.vn\/wp-content\/uploads\/2022\/08\/A\u0309nh-chu\u0323p-Ma\u0300n-hi\u0300nh-2019-12-09-lu\u0301c-10_07_37-600x404.png 600w, https:\/\/neovision.com.vn\/wp-content\/uploads\/2022\/08\/A\u0309nh-chu\u0323p-Ma\u0300n-hi\u0300nh-2019-12-09-lu\u0301c-10_07_37.png 1020w\" sizes=\"(max-width: 823px) 100vw, 823px\" \/><\/p>","protected":false},"excerpt":{"rendered":"<p>Ch\u1ea5t li\u1ec7u: V\u1ea3i d\u1ec7t \u1ee9ng d\u1ee5ng c\u00f4ng ngh\u1ec7 cao c\u00f3 \u0111\u1ed9 SPF 50+, v\u1ea3i l\u01b0\u1edbi d\u1ec7t, v\u1ea3i d\u1ec7t Cotton.<br \/>\nN\u00f3n l\u01b0\u1ee1i trai, thi\u1ebft k\u1ebf che to\u00e0n b\u1ed9 ph\u1ea7n tai, c\u1ed5, g\u00e1y.<\/p>","protected":false},"featured_media":5839,"template":"","meta":[],"product_cat":[44],"product_tag":[],"_links":{"self":[{"href":"https:\/\/neovision.com.vn\/en\/wp-json\/wp\/v2\/product\/4614"}],"collection":[{"href":"https:\/\/neovision.com.vn\/en\/wp-json\/wp\/v2\/product"}],"about":[{"href":"https:\/\/neovision.com.vn\/en\/wp-json\/wp\/v2\/types\/product"}],"wp:featuredmedia":[{"embeddable":true,"href":"https:\/\/neovision.com.vn\/en\/wp-json\/wp\/v2\/media\/5839"}],"wp:attachment":[{"href":"https:\/\/neovision.com.vn\/en\/wp-json\/wp\/v2\/media?parent=4614"}],"wp:term":[{"taxonomy":"product_cat","embeddable":true,"href":"https:\/\/neovision.com.vn\/en\/wp-json\/wp\/v2\/product_cat?post=4614"},{"taxonomy":"product_tag","embeddable":true,"href":"https:\/\/neovision.com.vn\/en\/wp-json\/wp\/v2\/product_tag?post=4614"}],"curies":[{"name":"wp","href":"https:\/\/api.w.org\/{rel}","templated":true}]}}