{"id":4613,"date":"2022-08-18T23:05:20","date_gmt":"2022-08-18T23:05:20","guid":{"rendered":"https:\/\/neovision.com.vn\/?post_type=product&#038;p=4613"},"modified":"2022-10-18T14:39:09","modified_gmt":"2022-10-18T14:39:09","slug":"khau-trang-chong-nang-koolmask","status":"publish","type":"product","link":"https:\/\/neovision.com.vn\/en\/product\/khau-trang-chong-nang-koolmask\/","title":{"rendered":"Kh\u1ea9u trang ch\u1ed1ng n\u1eafng Koolmask"},"content":{"rendered":"<p><strong>Kh\u1ea9u trang ch\u1ed1ng n\u1eafng cao c\u1ea5p Koolmask<\/strong>\u00a0\u0111\u01b0\u1ee3c l\u00e0m b\u1eb1ng lo\u1ea1i v\u1ea3i ch\u1ed1ng n\u1eafng v\u1edbi kh\u1ea3 n\u0103ng ch\u1ed1ng n\u1eafng t\u1ed1i \u01b0u, t\u1ea1o cho b\u1ea1n c\u1ea3m gi\u00e1c m\u00e1t d\u1ecbu d\u01b0\u1edbi c\u00e1i \u00e1nh n\u1eafng gay g\u1eaft c\u1ee7a m\u1eb7t tr\u1eddi. S\u1ea3n ph\u1ea9m m\u00e0 ai ai c\u0169ng c\u1ea7n \u0111\u1ebfn.<br \/>\n\u00c1nh n\u1eafng m\u1eb7t tr\u1eddi lu\u00f4n l\u00e0 t\u00e1c nh\u00e2n g\u00e2y ra c\u00e1c b\u1ec7nh v\u1ec1 da, \u0111\u1eb7c bi\u1ec7t l\u00e0 b\u1ec7nh ung th\u01b0 da. V\u1edbi ch\u1ecb em ph\u1ee5 n\u1eef, th\u00ec vi\u1ec7c b\u1ea3o v\u1ec7 l\u00e0n da tr\u01b0\u1edbc s\u1ef1 t\u1ea5n c\u00f4ng c\u1ee7a \u00e1nh n\u1eafng m\u1eb7t tr\u1eddi l\u1ea1i c\u00e0ng c\u1ea7n ph\u1ea3i ch\u00fa \u00fd h\u01a1n, b\u1edfi l\u1ebd l\u00e0n da c\u1ee7a n\u1eef gi\u1edbi v\u1eabn lu\u00f4n m\u1ecfng manh v\u00e0 r\u1ea5t d\u1ec5 b\u1ecb t\u1ed5n th\u01b0\u01a1ng.<br \/>\nVi\u1ec7c l\u1ef1a ch\u1ecdn m\u1ed9t s\u1ea3n ph\u1ea9m v\u1eeba c\u00f3 th\u1ec3 ch\u1ed1ng n\u1eafng, v\u1eeba c\u00f3 th\u1ec3 b\u1ea3o v\u1ec7 b\u1ea1n tr\u01b0\u1edbc kh\u00f3i b\u1ee5i th\u1ef1c s\u1ef1 kh\u00f4ng ph\u1ea3i l\u00e0 \u0111i\u1ec1u \u0111\u01a1n gi\u1ea3n. Song v\u1edbi s\u1ef1 xu\u00e1t hi\u1ec7n c\u1ee7a kh\u1ea9u trang ch\u1ed1ng n\u1eafng\u00a0Koolmask\u00a0 th\u00ec m\u1ecdi v\u1ea5n \u0111\u1ec1 \u0111\u00e3 \u0111\u01b0\u1ee3c gi\u1ea3i quy\u1ebft.<\/p>\n<h2><strong>\u0110\u1eb7c \u0111i\u1ec3m c\u1ee7a kh\u1ea9u trang ch\u1ed1ng n\u1eafng cao c\u1ea5p <\/strong><b>KOOLMASK <\/b><\/h2>\n<p>Nguy\u00ean li\u1ec7u ch\u00ednh l\u00e0 c\u1ee7a kh\u1ea9u trang l\u00e0 V\u1ea3i Ch\u1ed1ng N\u1eafng \u0110\u1eb7c Bi\u1ec7t, v\u1edbi<br \/>\nCh\u1ec9 s\u1ed1 ch\u1ed1ng n\u1eafng SPF 50+\u00a0(Ch\u1ec9 s\u1ed1 cao nh\u1ea5t), \u0111\u00e3 \u0111\u01b0\u1ee3c Ph\u00e2n Vi\u1ec7n V\u1eadt L\u00fd Th\u00e0nh Ph\u1ed1 H\u1ed3 Ch\u00ed Minh ki\u1ec3m \u0111\u1ecbnh v\u00e0 \u0111\u1ea1t ti\u00eau chu\u1ea9n ng\u00e0y 28\/04\/2003. \u0110\u1ea1t ch\u1ee9ng ch\u1ec9 ch\u1ed1ng n\u1eafng t\u1ea1i Nh\u1eadt B\u1ea3n ( ng\u0103n c\u1ea3n tr\u00ean 98% tia UVA &amp; UVB) ng\u00e0y 23\/06\/2010.<br \/>\nNguy\u00ean li\u1ec7u ch\u00ednh \u0111\u1ea1t chu\u1ea9n AATCC183 &#8211; ASTM6544 &#8211; ASTM6603 c\u1ee7a M\u1ef9.<br \/>\nKh\u00f4ng ch\u1ec9 r\u1ea5t th\u1eddi trang, m\u00e0u s\u1eafc trang nh\u00e3 nh\u1eb1m t\u00f4n vinh v\u1ebb \u0111\u1eb9p c\u1ee7a b\u1ea1n, c\u00e1c s\u1ea3n ph\u1ea9m n\u00e0y c\u00f2n gi\u00fap b\u1ea1n kh\u1ecfi t\u00e1c h\u1ea1i c\u1ee7a \u00e1nh n\u1eafng m\u1eb7t tr\u1eddi g\u00e2y n\u00ean nh\u01b0 n\u00e1m s\u1ea1m da, n\u1ed5i m\u1ee5n hay ung th\u01b0 da&#8230;<br \/>\n<b>Th\u1eddi gian s\u1eed d\u1ee5ng<\/b>: L\u00e2u d\u00e0i (\u0111\u1ed9 ch\u1ed1ng n\u1eafng kh\u00f4ng thay \u0111\u1ed5i theo th\u1eddi gian s\u1eed d\u1ee5ng).<\/p>\n<h2><b>KH\u1ea8U TRANG KOOLMASK PH\u00d9 H\u1ee2P V\u1edaI C\u00c1C HO\u1ea0T \u0110\u1ed8NG<\/b><\/h2>\n<ul>\n<li>Du l\u1ecbch:\u00a0<i>b\u00e3i bi\u1ec3n, leo n\u00fai, picnic,&#8230;<\/i><\/li>\n<li>Th\u1ec3 thao ngo\u00e0i tr\u1eddi:\u00a0<i>ch\u01a1i Golf, tennis, \u0111i b\u1ed9,..<\/i><\/li>\n<li>L\u00e0m vi\u1ec7c ngo\u00e0i tr\u1eddi:\u00a0<i>\u0111i xe m\u00e1y, l\u00e0m v\u01b0\u1eddn, c\u00f4ng tr\u00ecnh, v\u00e0 c\u00e1c c\u00f4ng vi\u1ec7c kh\u00e1c&#8230;<\/i><\/li>\n<\/ul>\n<h3><strong>H\u01af\u1edaNG D\u1eaaN B\u1ea2O QU\u1ea2N KH\u1ea8U TRANG<\/strong><\/h3>\n<ul>\n<li>Gi\u1eb7t th\u00f4ng th\u01b0\u1eddng v\u00e0 ph\u01a1i kh\u00f4<\/li>\n<li>Kh\u00f4ng s\u1eed d\u1ee5ng c\u00e1c lo\u1ea1i x\u00e0 ph\u00f2ng c\u00f3 ch\u1ea5t t\u1ea9y m\u1ea1nh ho\u1eb7c c\u00e1c lo\u1ea1i ch\u1ea5t t\u1ea9y kh\u00e1c<\/li>\n<li>C\u1ea5t gi\u1eef n\u01a1i kh\u00f4 tho\u00e1ng<\/li>\n<\/ul>\n<p>&nbsp;<\/p>\n<p><img loading=\"lazy\" class=\"alignnone wp-image-7917\" src=\"https:\/\/neovision.com.vn\/wp-content\/uploads\/2022\/08\/A\u0309nh-chu\u0323p-Ma\u0300n-hi\u0300nh-2019-12-09-lu\u0301c-10_07_37-300x202.png\" alt=\"\" width=\"823\" height=\"554\" srcset=\"https:\/\/neovision.com.vn\/wp-content\/uploads\/2022\/08\/A\u0309nh-chu\u0323p-Ma\u0300n-hi\u0300nh-2019-12-09-lu\u0301c-10_07_37-300x202.png 300w, https:\/\/neovision.com.vn\/wp-content\/uploads\/2022\/08\/A\u0309nh-chu\u0323p-Ma\u0300n-hi\u0300nh-2019-12-09-lu\u0301c-10_07_37-768x517.png 768w, https:\/\/neovision.com.vn\/wp-content\/uploads\/2022\/08\/A\u0309nh-chu\u0323p-Ma\u0300n-hi\u0300nh-2019-12-09-lu\u0301c-10_07_37-600x404.png 600w, https:\/\/neovision.com.vn\/wp-content\/uploads\/2022\/08\/A\u0309nh-chu\u0323p-Ma\u0300n-hi\u0300nh-2019-12-09-lu\u0301c-10_07_37.png 1020w\" sizes=\"(max-width: 823px) 100vw, 823px\" \/><\/p>","protected":false},"excerpt":{"rendered":"<p>Nguy\u00ean li\u1ec7u ch\u00ednh l\u00e0 V\u1ea3i Ch\u1ed1ng N\u1eafng \u0110\u1eb7c Bi\u1ec7t c\u00f3 Ch\u1ec9 s\u1ed1 ch\u1ed1ng n\u1eafng\u00a0<strong>SPF 50+<\/strong><\/p>","protected":false},"featured_media":5840,"template":"","meta":[],"product_cat":[43],"product_tag":[],"_links":{"self":[{"href":"https:\/\/neovision.com.vn\/en\/wp-json\/wp\/v2\/product\/4613"}],"collection":[{"href":"https:\/\/neovision.com.vn\/en\/wp-json\/wp\/v2\/product"}],"about":[{"href":"https:\/\/neovision.com.vn\/en\/wp-json\/wp\/v2\/types\/product"}],"wp:featuredmedia":[{"embeddable":true,"href":"https:\/\/neovision.com.vn\/en\/wp-json\/wp\/v2\/media\/5840"}],"wp:attachment":[{"href":"https:\/\/neovision.com.vn\/en\/wp-json\/wp\/v2\/media?parent=4613"}],"wp:term":[{"taxonomy":"product_cat","embeddable":true,"href":"https:\/\/neovision.com.vn\/en\/wp-json\/wp\/v2\/product_cat?post=4613"},{"taxonomy":"product_tag","embeddable":true,"href":"https:\/\/neovision.com.vn\/en\/wp-json\/wp\/v2\/product_tag?post=4613"}],"curies":[{"name":"wp","href":"https:\/\/api.w.org\/{rel}","templated":true}]}}