{"id":4612,"date":"2022-08-18T23:04:30","date_gmt":"2022-08-18T23:04:30","guid":{"rendered":"https:\/\/neovision.com.vn\/?post_type=product&#038;p=4612"},"modified":"2022-12-06T09:44:35","modified_gmt":"2022-12-06T09:44:35","slug":"khau-trang-loc-bui-sieu-min-duststop-ds-01","status":"publish","type":"product","link":"https:\/\/neovision.com.vn\/en\/product\/khau-trang-loc-bui-sieu-min-duststop-ds-01\/","title":{"rendered":"Duststop DS-01 . Super Fine Dust Filter Mask"},"content":{"rendered":"<p>Kh\u1ea9u trang\u00a0<strong>DUSTSTOP &#8211; DS01\u00a0<\/strong>b\u1ea3o v\u1ec7 s\u1ee9c kh\u1ecfe, ch\u1ed1ng kh\u00f4ng kh\u00ed \u00f4 nhi\u1ec5m. S\u1ea3n ph\u1ea9m \u1ee9ng d\u1ee5ng c\u00f4ng ngh\u1ec7 n\u01b0\u1edbc ngo\u00e0i v\u1edbi nguy\u00ean li\u1ec7u ngo\u1ea1i nh\u1eadp.<br \/>\nDUSTSTOP &#8211; DS01 ng\u0103n ng\u1eeba \u0111\u01b0\u1ee3c h\u1ea7u h\u1ebft s\u1ef1 th\u00e2m nh\u1eadp v\u00e0o \u0111\u01b0\u1eddng h\u00f4 h\u1ea5p c\u1ee7a c\u00e1c h\u1ea1t b\u1ee5i c\u1ef1c nh\u1ecf v\u00e0 c\u00e1c ch\u1ea5t th\u1ea3i \u00f4 nhi\u1ec5m kh\u00e1c.<\/p>\n<h2>PRODUCT CHARACTERISTICS<\/h2>\n<p>Kh\u1ea9u trang DUSTSTOP &#8211; DS01 g\u1ed3m 5 l\u1edbp:<\/p>\n<p class=\" translation-block\">\u2013 <strong>Outer layer:<\/strong> 100% PE mesh fabric<br>\n\u2013 <strong>The filter consists of 3 layers: <\/strong><br>\n+ Layer 1: 100% PP non-woven fabric<br>\n+ Layer 2: Melt Blwon filter fine dust 100% PP<br>\n+ Layer 3: 100% PP non-woven fabric<br>\n\u2013 <strong>Ling: <\/strong>100% PE Silk kate fabric<\/p>\n<p class=\" translation-block\">Products meet quality standards TC 01:2020\/CTY TNM<br>\nDS01 protects the respiratory system, contributing to limiting allergic rhinitis caused by pollutants in the air.<br>\nNote: Product <strong>NO ACTIVE CHARGER FILTER<\/strong><\/p>\n<h2>INSTRUCTIONS FOR USE<\/h2>\n<p class=\" translation-block\">Washable and reusable.<br>\nHand wash only, not machine wash.<br>\nTo ensure the quality of use, recommend  <strong>use time 1 month and do not wash more than 10 times<\/strong><\/p>\n<p>&nbsp;<\/p>\n<p><img loading=\"lazy\" class=\"alignnone wp-image-7917\" src=\"https:\/\/neovision.com.vn\/wp-content\/uploads\/2022\/08\/A\u0309nh-chu\u0323p-Ma\u0300n-hi\u0300nh-2019-12-09-lu\u0301c-10_07_37-300x202.png\" alt=\"\" width=\"823\" height=\"554\" srcset=\"https:\/\/neovision.com.vn\/wp-content\/uploads\/2022\/08\/A\u0309nh-chu\u0323p-Ma\u0300n-hi\u0300nh-2019-12-09-lu\u0301c-10_07_37-300x202.png 300w, https:\/\/neovision.com.vn\/wp-content\/uploads\/2022\/08\/A\u0309nh-chu\u0323p-Ma\u0300n-hi\u0300nh-2019-12-09-lu\u0301c-10_07_37-768x517.png 768w, https:\/\/neovision.com.vn\/wp-content\/uploads\/2022\/08\/A\u0309nh-chu\u0323p-Ma\u0300n-hi\u0300nh-2019-12-09-lu\u0301c-10_07_37-600x404.png 600w, https:\/\/neovision.com.vn\/wp-content\/uploads\/2022\/08\/A\u0309nh-chu\u0323p-Ma\u0300n-hi\u0300nh-2019-12-09-lu\u0301c-10_07_37.png 1020w\" sizes=\"(max-width: 823px) 100vw, 823px\" \/><\/p>","protected":false},"excerpt":{"rendered":"<p>Kh\u1ea9u trang DUSTSTOP &#8211; DS01 \u1ee9ng d\u1ee5ng c\u00f4ng ngh\u1ec7 n\u01b0\u1edbc ngo\u00e0i v\u1edbi nguy\u00ean li\u1ec7u ngo\u1ea1i nh\u1eadp<br \/>\nG\u1ed3m 5 l\u1edbp, trong \u0111\u00f3 c\u00f3 l\u1edbp l\u1ecdc N95 &#8211; l\u1ecdc b\u1ee5i si\u00eau m\u1ecbn PM2.5<\/p>","protected":false},"featured_media":5846,"template":"","meta":[],"product_cat":[35],"product_tag":[],"_links":{"self":[{"href":"https:\/\/neovision.com.vn\/en\/wp-json\/wp\/v2\/product\/4612"}],"collection":[{"href":"https:\/\/neovision.com.vn\/en\/wp-json\/wp\/v2\/product"}],"about":[{"href":"https:\/\/neovision.com.vn\/en\/wp-json\/wp\/v2\/types\/product"}],"wp:featuredmedia":[{"embeddable":true,"href":"https:\/\/neovision.com.vn\/en\/wp-json\/wp\/v2\/media\/5846"}],"wp:attachment":[{"href":"https:\/\/neovision.com.vn\/en\/wp-json\/wp\/v2\/media?parent=4612"}],"wp:term":[{"taxonomy":"product_cat","embeddable":true,"href":"https:\/\/neovision.com.vn\/en\/wp-json\/wp\/v2\/product_cat?post=4612"},{"taxonomy":"product_tag","embeddable":true,"href":"https:\/\/neovision.com.vn\/en\/wp-json\/wp\/v2\/product_tag?post=4612"}],"curies":[{"name":"wp","href":"https:\/\/api.w.org\/{rel}","templated":true}]}}