{"id":4610,"date":"2022-08-18T23:03:24","date_gmt":"2022-08-18T23:03:24","guid":{"rendered":"https:\/\/neovision.com.vn\/?post_type=product&#038;p=4610"},"modified":"2026-04-03T03:04:32","modified_gmt":"2026-04-03T03:04:32","slug":"khau-trang-than-hoat-tinh-dm01-ac-dang-tui","status":"publish","type":"product","link":"https:\/\/neovision.com.vn\/en\/product\/khau-trang-than-hoat-tinh-dm01-ac-dang-tui\/","title":{"rendered":"Kh\u1ea9u Trang Than Ho\u1ea1t T\u00ednh DM01-AC D\u1ea1ng 1 C\u00e1i\/T\u00fai ( Bao )"},"content":{"rendered":"<h2><strong>PACKING<\/strong><\/h2>\n<p>PRODUCT [ DM01-AC ] belongs to NEOVISION company<br \/>\nQuy c\u00e1ch \u0111\u00f3ng g\u00f3i: 1 C\u00e1i\/T\u00fai ( Bao )<br \/>\nPremium 4-layer Activated Carbon mask with an antibacterial layer<br \/>\nTi\u00eau chu\u1ea9n l\u1ecdc khu\u1ea9n BFE&gt;95% do Nelson Lab (M\u1ef9) c\u1ea5p.<\/p>\n<h2><strong>C\u1ea4U T\u1ea0O KH\u1ea8U TRANG DM01<\/strong><strong>-AC<\/strong><\/h2>\n<p>NeoVision DM01-AC activated carbon mask (piece) is one of the popular disposable mask products, favored by many consumers.<br \/>\nKh\u1ea9u trang than ho\u1ea1t t\u00ednh DM01-AC\u00a0 bao g\u1ed3m 4 l\u1edbp:<br \/>\n&#8211; L\u1edbp v\u1ecf m\u1eb7t ngo\u00e0i: v\u1ea3i kh\u00f4ng d\u1ec7t 100% PE<br \/>\n&#8211; L\u1edbp 2: b\u1eb1ng v\u1ea3i kh\u00f4ng d\u1ec7t c\u00f3 than ho\u1ea1t t\u00ednh 100% charcoal<br \/>\n&#8211; L\u1edbp 3: b\u1eb1ng v\u1ea3i kh\u00f4ng d\u1ec7t\u00a0 Melt-blown 100% PP<br \/>\n&#8211; L\u1edbp v\u1ecf m\u1eb7t trong: v\u1ea3i kh\u00f4ng d\u1ec7t 100% PE<\/p>\n<h2><strong>\u0110\u1eb7c \u0111i\u1ec3m n\u1ed5i b\u1eadt c\u1ee7a s\u1ea3n ph\u1ea9m kh\u1ea9u\u00a0trang than ho\u1ea1t t\u00ednh\u00a0DM01-AC<\/strong><\/h2>\n<p style=\"margin-top: 0in; background: white;\"><span style=\"color: #333333;\">\u00a0 \u00a0 \u00a0Kh\u1ea9u trang cao c\u1ea5p c\u00f3 than ho\u1ea1t t\u00ednh v\u00e0 v\u1ea3i kh\u00f4ng d\u1ec7t, c\u00f3 kh\u1ea3 n\u0103ng ng\u0103n ch\u1eb7n \u0111\u01b0\u1ee3c h\u1ea7u h\u1ebft s\u1ef1 th\u00e2m nh\u1eadp c\u1ee7a vi khu\u1ea9n, c\u00e1c h\u1ea1t b\u1ee5i nh\u1ecf v\u00e0 kh\u1eed m\u00f9i, l\u1ecdc \u0111\u01b0\u1ee3c m\u1ed9t s\u1ed1 ch\u1ea5t g\u00e2y h\u1ea1i cho s\u1ee9c kh\u1ecfe.\u00a0\u00a0<\/span><\/p>\n<ul>\n<li>Kh\u1ea9u trang<strong>\u0111\u1ea1t ti\u00eau chu\u1ea9n l\u1ecdc khu\u1ea9n BFE 95%<\/strong>, \u0111\u01b0\u1ee3c th\u00ed nghi\u1ec7m v\u00e0 c\u1ea5p ch\u1ee9ng ch\u1ec9 b\u1edfi NELSON (Hoa K\u00ec).<\/li>\n<li>H\u1ec7 th\u1ed1ng ch\u1ea5t l\u01b0\u1ee3ng \u0111\u1ea1t ti\u00eau chu\u1ea9n qu\u1ed1c t\u1ebf ISO 9001:2015.<\/li>\n<li>B\u1ed9 l\u1ecdc \u0111\u1ea1t ti\u00eau chu\u1ea9n EN 143:2000 P1 R \u2013 Ph\u01b0\u01a1ng ti\u1ec7n b\u1ea3o v\u1ec7 c\u01a1 quan h\u00f4 h\u1ea5p \u2013 Phin l\u1ecdc b\u1ee5i.<\/li>\n<li>\u0110\u1ea1t Quy chu\u1ea9n Qu\u1ed1c gia QCVN 01:2017\/BCT v\u1ec1 m\u1ee9c gi\u1edbi h\u1ea1n h\u00e0m l\u01b0\u1ee3ng formaldehyde v\u00e0 c\u00e1c amin th\u01a1m chuy\u1ec3n h\u00f3a t\u1eeb thu\u1ed1c nhu\u1ed9m azo trong s\u1ea3n ph\u1ea9m d\u1ec7t may.<\/li>\n<li style=\"list-style-type: none;\"><\/li>\n<\/ul>\n<h2><strong>C\u00e1ch s\u1eed d\u1ee5ng kh\u1ea9u trang \u0111\u1ec3 mang l\u1ea1i hi\u1ec7u qu\u1ea3 cao<\/strong><\/h2>\n<p>&#8211; B\u1ea3o qu\u1ea3n kh\u1ea9u trang trong \u0111i\u1ec1u ki\u1ec7n b\u00ecnh th\u01b0\u1eddng.<br \/>\n&#8211; Khi \u0111eo kh\u1ea9u trang\u00a0ho\u1ea1t t\u00ednh NeoVision DM01-AC b\u1ea1n n\u00ean b\u00f3p g\u1ecdng nh\u00f4m\u00a0tr\u00ean s\u1ed1ng m\u0169i cho k\u00edn, gi\u00fap\u00a0b\u1ea3o v\u1ec7 h\u1ec7 h\u00f4 h\u1ea5p m\u1ed9t c\u00e1ch t\u1ed1t nh\u1ea5t.<br \/>\n&#8211; Thay m\u1edbi kh\u1ea9u trang sau m\u1ed7i l\u1ea7n s\u1eed d\u1ee5ng.<\/p>\n<p>&nbsp;<\/p>\n<p><img loading=\"lazy\" class=\"alignnone wp-image-7917\" src=\"https:\/\/neovision.com.vn\/wp-content\/uploads\/2022\/08\/A\u0309nh-chu\u0323p-Ma\u0300n-hi\u0300nh-2019-12-09-lu\u0301c-10_07_37-300x202.png\" alt=\"\" width=\"823\" height=\"554\" srcset=\"https:\/\/neovision.com.vn\/wp-content\/uploads\/2022\/08\/A\u0309nh-chu\u0323p-Ma\u0300n-hi\u0300nh-2019-12-09-lu\u0301c-10_07_37-300x202.png 300w, https:\/\/neovision.com.vn\/wp-content\/uploads\/2022\/08\/A\u0309nh-chu\u0323p-Ma\u0300n-hi\u0300nh-2019-12-09-lu\u0301c-10_07_37-768x517.png 768w, https:\/\/neovision.com.vn\/wp-content\/uploads\/2022\/08\/A\u0309nh-chu\u0323p-Ma\u0300n-hi\u0300nh-2019-12-09-lu\u0301c-10_07_37-600x404.png 600w, https:\/\/neovision.com.vn\/wp-content\/uploads\/2022\/08\/A\u0309nh-chu\u0323p-Ma\u0300n-hi\u0300nh-2019-12-09-lu\u0301c-10_07_37.png 1020w\" sizes=\"(max-width: 823px) 100vw, 823px\" \/><\/p>","protected":false},"excerpt":{"rendered":"<ul>\n<li>Kh\u1ea9u trang 4\u00a0l\u1edbp: L\u1edbp v\u1ea3i kh\u00f4ng d\u1ec7t (non-woven) \u1edf m\u1eb7t trong v\u00e0 m\u1eb7t ngo\u00e0i; L\u1edbp l\u1ecdc b\u1ee5i v\u00e0 vi khu\u1ea9n; L\u1edbp than ho\u1ea1t t\u00ednh \u00e9p trong v\u1ea3i (Activated Carbon Nonwoven).<\/li>\n<li>B\u1ea3o v\u1ec7 s\u1ee9c kho\u1ebb con ng\u01b0\u1eddi; ch\u1ed1ng kh\u00f4ng kh\u00ed \u00f4 nhi\u1ec5m.<\/li>\n<li>D\u00f9ng 1 l\u1ea7n<\/li>\n<li>Hi\u00ea\u0323u qua\u0309 lo\u0323c khu\u00e2\u0309n BFE 95% \u0111\u01b0\u01a1\u0323c ki\u00ea\u0309m nghi\u00ea\u0323m ta\u0323i Pho\u0300ng thi\u0301 nghi\u00ea\u0323m Nelson (My\u0303)<\/li>\n<\/ul>","protected":false},"featured_media":5856,"template":"","meta":[],"product_cat":[36],"product_tag":[],"_links":{"self":[{"href":"https:\/\/neovision.com.vn\/en\/wp-json\/wp\/v2\/product\/4610"}],"collection":[{"href":"https:\/\/neovision.com.vn\/en\/wp-json\/wp\/v2\/product"}],"about":[{"href":"https:\/\/neovision.com.vn\/en\/wp-json\/wp\/v2\/types\/product"}],"wp:featuredmedia":[{"embeddable":true,"href":"https:\/\/neovision.com.vn\/en\/wp-json\/wp\/v2\/media\/5856"}],"wp:attachment":[{"href":"https:\/\/neovision.com.vn\/en\/wp-json\/wp\/v2\/media?parent=4610"}],"wp:term":[{"taxonomy":"product_cat","embeddable":true,"href":"https:\/\/neovision.com.vn\/en\/wp-json\/wp\/v2\/product_cat?post=4610"},{"taxonomy":"product_tag","embeddable":true,"href":"https:\/\/neovision.com.vn\/en\/wp-json\/wp\/v2\/product_tag?post=4610"}],"curies":[{"name":"wp","href":"https:\/\/api.w.org\/{rel}","templated":true}]}}