{"id":4609,"date":"2022-08-18T23:02:54","date_gmt":"2022-08-18T23:02:54","guid":{"rendered":"https:\/\/neovision.com.vn\/?post_type=product&#038;p=4609"},"modified":"2026-04-03T03:01:57","modified_gmt":"2026-04-03T03:01:57","slug":"khau-trang-than-hoat-tinh-dm01-ac-hop-50-cai","status":"publish","type":"product","link":"https:\/\/neovision.com.vn\/en\/product\/khau-trang-than-hoat-tinh-dm01-ac-hop-50-cai\/","title":{"rendered":"Activated Carbon Mask DM01-AC (Box of 50 Pieces)"},"content":{"rendered":"<p><strong>With the desire to serve customers in the best way, NeoVision would like to announce:<br \/>\n- Since the order is successfully placed, NeoVision staff will call to confirm the order after 1-2 DAYS.<br \/>\n- DELIVERY TIME IS 3-5 DAYS (depending on the area)<br \/>\nWe apologize for the inconvenience and thank you for continued support.<\/strong><\/p>\n<h2><strong>PACKING<\/strong><\/h2>\n<p>PRODUCT [ DM01-AC ] belongs to NEOVISION company<br \/>\nPacking: BOX 50PCS<br \/>\nPremium 4-layer Activated Carbon mask with an antibacterial layer<br \/>\nTi\u00eau chu\u1ea9n l\u1ecdc khu\u1ea9n BFE&gt;95% do Nelson Lab (M\u1ef9) c\u1ea5p.<br \/>\nCompany price: 225,000 VND\/box<\/p>\n<h2><strong>DM01 MASK STRUCTURE<\/strong><\/h2>\n<p>NeoVision DM01-AC activated carbon mask (piece) is one of the popular disposable mask products, favored by many consumers.<br \/>\nDM01 activated carbon mask includes 4 layers:<br \/>\n&#8211; L\u1edbp v\u1ecf m\u1eb7t ngo\u00e0i: v\u1ea3i kh\u00f4ng d\u1ec7t 100% PE<br \/>\n&#8211; L\u1edbp 2: b\u1eb1ng v\u1ea3i kh\u00f4ng d\u1ec7t c\u00f3 than ho\u1ea1t t\u00ednh 100% charcoal<br \/>\n&#8211; L\u1edbp 3: b\u1eb1ng v\u1ea3i kh\u00f4ng d\u1ec7t\u00a0 Melt-blown 100% PP<br \/>\n&#8211; L\u1edbp v\u1ecf m\u1eb7t trong: v\u1ea3i kh\u00f4ng d\u1ec7t 100% PE<\/p>\n<h2><strong>3. Outstanding features of activated carbon mask DM01-AC<\/strong><\/h2>\n<p>Kh\u1ea9u trang cao c\u1ea5p c\u00f3 than ho\u1ea1t t\u00ednh v\u00e0 v\u1ea3i kh\u00f4ng d\u1ec7t, c\u00f3 kh\u1ea3 n\u0103ng ng\u0103n ch\u1eb7n \u0111\u01b0\u1ee3c h\u1ea7u h\u1ebft s\u1ef1 th\u00e2m nh\u1eadp c\u1ee7a vi khu\u1ea9n, c\u00e1c h\u1ea1t b\u1ee5i nh\u1ecf v\u00e0 kh\u1eed m\u00f9i, l\u1ecdc \u0111\u01b0\u1ee3c m\u1ed9t s\u1ed1 ch\u1ea5t g\u00e2y h\u1ea1i cho s\u1ee9c kh\u1ecfe.<\/p>\n<ul>\n<li>Kh\u1ea9u trang<strong>\u0111\u1ea1t ti\u00eau chu\u1ea9n l\u1ecdc khu\u1ea9n BFE 95%<\/strong>, \u0111\u01b0\u1ee3c th\u00ed nghi\u1ec7m v\u00e0 c\u1ea5p ch\u1ee9ng ch\u1ec9 b\u1edfi NELSON (Hoa K\u00ec).<\/li>\n<li>H\u1ec7 th\u1ed1ng ch\u1ea5t l\u01b0\u1ee3ng \u0111\u1ea1t ti\u00eau chu\u1ea9n qu\u1ed1c t\u1ebf ISO 9001:2015.<\/li>\n<li>B\u1ed9 l\u1ecdc \u0111\u1ea1t ti\u00eau chu\u1ea9n EN 143:2000 P1 R \u2013 Ph\u01b0\u01a1ng ti\u1ec7n b\u1ea3o v\u1ec7 c\u01a1 quan h\u00f4 h\u1ea5p \u2013 Phin l\u1ecdc b\u1ee5i.<\/li>\n<li>\u0110\u1ea1t Quy chu\u1ea9n Qu\u1ed1c gia QCVN 01:2017\/BCT v\u1ec1 m\u1ee9c gi\u1edbi h\u1ea1n h\u00e0m l\u01b0\u1ee3ng formaldehyde v\u00e0 c\u00e1c amin th\u01a1m chuy\u1ec3n h\u00f3a t\u1eeb thu\u1ed1c nhu\u1ed9m azo trong s\u1ea3n ph\u1ea9m d\u1ec7t may.<\/li>\n<\/ul>\n<h2><strong>How to use a mask to be highly effective<\/strong><\/h2>\n<p>&#8211; B\u1ea3o qu\u1ea3n kh\u1ea9u trang trong \u0111i\u1ec1u ki\u1ec7n b\u00ecnh th\u01b0\u1eddng.<br \/>\n&#8211; Khi \u0111eo kh\u1ea9u trang\u00a0ho\u1ea1t t\u00ednh NeoVision DM01-AC b\u1ea1n n\u00ean b\u00f3p g\u1ecdng nh\u00f4m\u00a0tr\u00ean s\u1ed1ng m\u0169i cho k\u00edn, gi\u00fap\u00a0b\u1ea3o v\u1ec7 h\u1ec7 h\u00f4 h\u1ea5p m\u1ed9t c\u00e1ch t\u1ed1t nh\u1ea5t.<br \/>\n&#8211; Thay m\u1edbi kh\u1ea9u trang sau m\u1ed7i l\u1ea7n s\u1eed d\u1ee5ng.<\/p>\n<p>&nbsp;<\/p>\n<p><img loading=\"lazy\" class=\"alignnone wp-image-7917\" src=\"https:\/\/neovision.com.vn\/wp-content\/uploads\/2022\/08\/A\u0309nh-chu\u0323p-Ma\u0300n-hi\u0300nh-2019-12-09-lu\u0301c-10_07_37-300x202.png\" alt=\"\" width=\"823\" height=\"554\" srcset=\"https:\/\/neovision.com.vn\/wp-content\/uploads\/2022\/08\/A\u0309nh-chu\u0323p-Ma\u0300n-hi\u0300nh-2019-12-09-lu\u0301c-10_07_37-300x202.png 300w, https:\/\/neovision.com.vn\/wp-content\/uploads\/2022\/08\/A\u0309nh-chu\u0323p-Ma\u0300n-hi\u0300nh-2019-12-09-lu\u0301c-10_07_37-768x517.png 768w, https:\/\/neovision.com.vn\/wp-content\/uploads\/2022\/08\/A\u0309nh-chu\u0323p-Ma\u0300n-hi\u0300nh-2019-12-09-lu\u0301c-10_07_37-600x404.png 600w, https:\/\/neovision.com.vn\/wp-content\/uploads\/2022\/08\/A\u0309nh-chu\u0323p-Ma\u0300n-hi\u0300nh-2019-12-09-lu\u0301c-10_07_37.png 1020w\" sizes=\"(max-width: 823px) 100vw, 823px\" \/><\/p>","protected":false},"excerpt":{"rendered":"<p>Activated carbon mask DM01 consists of 4 high-class layers, including 2 layers of non-woven fabric and 2 layers of filter.<br \/>\nDM01 meets 95% BFE filter standards, tested and certified by NELSON (USA)<\/p>","protected":false},"featured_media":5856,"template":"","meta":[],"product_cat":[36],"product_tag":[],"_links":{"self":[{"href":"https:\/\/neovision.com.vn\/en\/wp-json\/wp\/v2\/product\/4609"}],"collection":[{"href":"https:\/\/neovision.com.vn\/en\/wp-json\/wp\/v2\/product"}],"about":[{"href":"https:\/\/neovision.com.vn\/en\/wp-json\/wp\/v2\/types\/product"}],"wp:featuredmedia":[{"embeddable":true,"href":"https:\/\/neovision.com.vn\/en\/wp-json\/wp\/v2\/media\/5856"}],"wp:attachment":[{"href":"https:\/\/neovision.com.vn\/en\/wp-json\/wp\/v2\/media?parent=4609"}],"wp:term":[{"taxonomy":"product_cat","embeddable":true,"href":"https:\/\/neovision.com.vn\/en\/wp-json\/wp\/v2\/product_cat?post=4609"},{"taxonomy":"product_tag","embeddable":true,"href":"https:\/\/neovision.com.vn\/en\/wp-json\/wp\/v2\/product_tag?post=4609"}],"curies":[{"name":"wp","href":"https:\/\/api.w.org\/{rel}","templated":true}]}}