{"id":4608,"date":"2022-08-18T23:01:44","date_gmt":"2022-08-18T23:01:44","guid":{"rendered":"https:\/\/neovision.com.vn\/?post_type=product&#038;p=4608"},"modified":"2026-03-05T03:55:03","modified_gmt":"2026-03-05T03:55:03","slug":"loc-than-hoat-tinh-khau-trang-neomask-nc95","status":"publish","type":"product","link":"https:\/\/neovision.com.vn\/en\/product\/loc-than-hoat-tinh-khau-trang-neomask-nc95\/","title":{"rendered":"B\u1ed9 l\u1ecdc than ho\u1ea1t t\u00ednh kh\u1ea9u trang Neomask NC95 (L\u1ecdc ACFB \u2013 NC95)"},"content":{"rendered":"<p><strong>Quality standards<\/strong><\/p>\n<ul>\n<li>\u0110\u1ea1t ti\u00eau chu\u1ea9n <strong>QCVN 08:2012\/ BL\u0110TBXH <\/strong>\u0111\u01b0\u1ee3c ch\u1ee9ng nh\u1eadn b\u1edfi C\u00f4ng ty C\u1ed5 ph\u1ea7n ch\u1ee9ng nh\u1eadn v\u00e0 ki\u1ec3m \u0111\u1ecbnh Vinacontrol.<\/li>\n<li>Ki\u1ec3u v\u00e0 lo\u1ea1i phin l\u1ecdc ph\u00f9 h\u1ee3p theo TCVN 12325:2018 (EN 143:2000 + A1:2006) P1 R.<\/li>\n<li>\u0110\u1ea1t ti\u00eau chu\u1ea9n c\u01a1 s\u1edf: TCCS 02.01:2023\/NEO<\/li>\n<\/ul>\n<p>&nbsp;<\/p>\n<p>Fiber than ho\u1ea1t t\u00ednh (Activated Carbon Fiber) c\u00f3 t\u00ednh n\u0103ng ng\u0103n ch\u1eb7n h\u1ea7u h\u1ebft c\u00e1c h\u1ea1y b\u1ee5i nh\u1ecf nh\u1ea5t v\u00e0 kh\u1eed m\u00f9i, l\u1ecdc c\u00e1c ch\u1ea5t h\u00f3a h\u1ecdc c\u00f3 h\u1ea1i cho s\u1ee9c kh\u1ecfe.<\/p>\n<p>S\u1ea3n ph\u1ea9m s\u1eed d\u1ee5ng cho kh\u1ea9u trang Neomask NC95<br \/>\nSau t\u1eeb 3-6 th\u00e1ng s\u1eed d\u1ee5ng th\u00ec ti\u1ebfn h\u00e0nh thay l\u1ecdc than m\u1edbi.<\/p>\n<p><strong>Note:<\/strong><\/p>\n<p><em>Do not sell 1 piece of charcoal separately, only sold with the product.<\/em><\/p>\n<p>&nbsp;<\/p>\n<p><img loading=\"lazy\" class=\"alignnone wp-image-7917\" src=\"https:\/\/neovision.com.vn\/wp-content\/uploads\/2022\/08\/A\u0309nh-chu\u0323p-Ma\u0300n-hi\u0300nh-2019-12-09-lu\u0301c-10_07_37-300x202.png\" alt=\"\" width=\"823\" height=\"554\" srcset=\"https:\/\/neovision.com.vn\/wp-content\/uploads\/2022\/08\/A\u0309nh-chu\u0323p-Ma\u0300n-hi\u0300nh-2019-12-09-lu\u0301c-10_07_37-300x202.png 300w, https:\/\/neovision.com.vn\/wp-content\/uploads\/2022\/08\/A\u0309nh-chu\u0323p-Ma\u0300n-hi\u0300nh-2019-12-09-lu\u0301c-10_07_37-768x517.png 768w, https:\/\/neovision.com.vn\/wp-content\/uploads\/2022\/08\/A\u0309nh-chu\u0323p-Ma\u0300n-hi\u0300nh-2019-12-09-lu\u0301c-10_07_37-600x404.png 600w, https:\/\/neovision.com.vn\/wp-content\/uploads\/2022\/08\/A\u0309nh-chu\u0323p-Ma\u0300n-hi\u0300nh-2019-12-09-lu\u0301c-10_07_37.png 1020w\" sizes=\"(max-width: 823px) 100vw, 823px\" \/><\/p>","protected":false},"excerpt":{"rendered":"<p>Fiber than ho\u1ea1t t\u00ednh (Activated Carbon Fiber) c\u00f3 t\u00ednh n\u0103ng ng\u0103n ch\u1eb7n h\u1ea7u h\u1ebft c\u00e1c h\u1ea1y b\u1ee5i nh\u1ecf nh\u1ea5t v\u00e0 kh\u1eed m\u00f9i, l\u1ecdc c\u00e1c ch\u1ea5t h\u00f3a h\u1ecdc c\u00f3 h\u1ea1i cho s\u1ee9c kh\u1ecfe.<\/p>","protected":false},"featured_media":5860,"template":"","meta":[],"product_cat":[31],"product_tag":[],"_links":{"self":[{"href":"https:\/\/neovision.com.vn\/en\/wp-json\/wp\/v2\/product\/4608"}],"collection":[{"href":"https:\/\/neovision.com.vn\/en\/wp-json\/wp\/v2\/product"}],"about":[{"href":"https:\/\/neovision.com.vn\/en\/wp-json\/wp\/v2\/types\/product"}],"wp:featuredmedia":[{"embeddable":true,"href":"https:\/\/neovision.com.vn\/en\/wp-json\/wp\/v2\/media\/5860"}],"wp:attachment":[{"href":"https:\/\/neovision.com.vn\/en\/wp-json\/wp\/v2\/media?parent=4608"}],"wp:term":[{"taxonomy":"product_cat","embeddable":true,"href":"https:\/\/neovision.com.vn\/en\/wp-json\/wp\/v2\/product_cat?post=4608"},{"taxonomy":"product_tag","embeddable":true,"href":"https:\/\/neovision.com.vn\/en\/wp-json\/wp\/v2\/product_tag?post=4608"}],"curies":[{"name":"wp","href":"https:\/\/api.w.org\/{rel}","templated":true}]}}