{"id":4602,"date":"2022-08-18T22:59:09","date_gmt":"2022-08-18T22:59:09","guid":{"rendered":"https:\/\/neovision.com.vn\/?post_type=product&#038;p=4602"},"modified":"2022-10-18T14:42:33","modified_gmt":"2022-10-18T14:42:33","slug":"khau-trang-neomask-nm-xanh-dam","status":"publish","type":"product","link":"https:\/\/neovision.com.vn\/en\/product\/khau-trang-neomask-nm-xanh-dam\/","title":{"rendered":"NeoMask NM Mask Dark Blue"},"content":{"rendered":"<div>\n<p><strong>NeoVision NeoMask NM activated carbon mask with blue and black<\/strong>\u00a0nape has the following structure:<\/p>\n<p>&#8211; L\u1edbp ngo\u00e0i: V\u1ea3i d\u1ec7t kim cao su (neoprene): Nylon + SBR<br \/>\n&#8211; B\u1ed9 l\u1ecdc bao g\u1ed3m 3 l\u1edbp:<br \/>\n+ 1st and 3rd layer: 100% PP nonwoven fabric<br \/>\n+ Second layer: Activated carbon sheet (ACC) 100% activated carbon.<\/p>\n<h2><b>CHARACTERISTICS OF NEOVISION NEOMASK<\/b><\/h2>\n<ul>\n<li>B\u1ed9 l\u1ecdc (ACC &#8211; Activated Carbon Cloth) ng\u0103n ng\u1eeba h\u1ea7u h\u1ebft s\u1ef1 th\u00e2m nh\u1eadp v\u00e0o \u0111\u01b0\u1eddng h\u00f4 h\u1ea5p c\u1ee7a h\u1ea7u h\u1ebft c\u00e1c ch\u1ea5t \u00f4 nhi\u1ec5m trong kh\u00f4ng kh\u00ed: Hydrocacbon ( bao g\u1ed3m Benzen, Piren Butadien 1-3 ), cacbon Ox\u00edt (CO), \u0110yoxit Sunphua (SO2), \u0110yoxit Nit\u01a1 (NO2), kh\u00f3i quang h\u00f3a, kh\u00f3i \u0111en, Andehyt, oxit ch\u00ec, ph\u1ea5n hoa \u2026<\/li>\n<li>Prevents PM2.5 fine dust up to 95%, certified by Nelson Laboratories (USA)<\/li>\n<li>Prevents bacteria from directly attacking the respiratory system.<\/li>\n<\/ul>\n<h2><strong>NEOMASK QUALITY STANDARDS<\/strong><\/h2>\n<ul>\n<li>Products certified to ISO 9001, EN 46001, and ISO 13485<\/li>\n<li>Standard: TC04-2006\/TNM COMPANY.<\/li>\n<li>The product has a 95% BFE filtration efficiency index, tested at Nelson Laboratories (USA).<\/li>\n<li>\n<h2><strong>INSTRUCTIONS FOR USING NEOVISION NEOMASK ACTIVE Charcoal Mask<\/strong><\/h2>\n<\/li>\n<li>Place the mask neatly between the bridge of the nose and chin<\/li>\n<li>Pull the two loops to the back of the neck and fasten the mask by gluing 2 pieces of hemp tape together<\/li>\n<li>Adjust the aluminum clamp to fit the bridge of the nose to ensure that all gaps are sealed<\/li>\n<li>Check tightness: Place your hands and sides of your face and breathe hard, tying the mask tighter if the air is still escaping around the edges of the mask.<\/li>\n<li>The tension can be adjusted by crossing 2 pieces of spiked tape<\/li>\n<\/ul>\n<h2><strong>HOW TO STORAGE NEOVISION NEOMASK ACTIVE Charcoal Mask<\/strong><\/h2>\n<ul>\n<li>Store the mask in a cool, dry place, away from dust<\/li>\n<li>Wash the cover normally<\/li>\n<li>The non-woven fabric layer coming in contact with dirty facial skin should be wiped clean with a damp cloth, then dried or sun-dried for the filter element to warm up, then installed and used normally.<\/li>\n<li>Be careful and handle with care when removing the ACC filter from the mask, and hold the button when removing it with your hand to prevent the mask cover from being torn.<\/li>\n<li>Usage time: 3-6 months from opening the packaging.Usage time: 3-6 months from opening the packaging.<\/li>\n<\/ul>\n<\/div>\n<div>\n<p><strong>SHIP COD CHARGE FOR REFERENCE<\/strong><\/p>\n<p><img src=\"https:\/\/www.neovision.com.vn\/Upload\/images\/A%CC%89nh%20chu%CC%A3p%20Ma%CC%80n%20hi%CC%80nh%202019-12-09%20lu%CC%81c%2010_07_37.png\" alt=\"\" \/><\/p>\n<\/div>","protected":false},"excerpt":{"rendered":"<p>NeoMask masks are made of Neo-Prene (4-way stretch rubber), a material that does not cause skin allergies.<\/p>\n<p><em><strong>RIGOROUSLY TESTED FOR QUALITY AND PERFORMANCE<\/strong><\/em><br \/>\n<i><b><em><strong>ACC achieved ISO 9001\/ISO 13485 certification<\/strong><\/em><\/b><\/i><br \/>\n<i><b><em><strong>ACC is EN 46001. certified<\/strong><\/em><\/b><\/i><br \/>\n<i><b>The product has a 95% BFE filtration efficiency index, tested at Nelson Laboratories (USA).<\/b><\/i><\/p>","protected":false},"featured_media":5878,"template":"","meta":[],"product_cat":[31],"product_tag":[],"_links":{"self":[{"href":"https:\/\/neovision.com.vn\/en\/wp-json\/wp\/v2\/product\/4602"}],"collection":[{"href":"https:\/\/neovision.com.vn\/en\/wp-json\/wp\/v2\/product"}],"about":[{"href":"https:\/\/neovision.com.vn\/en\/wp-json\/wp\/v2\/types\/product"}],"wp:featuredmedia":[{"embeddable":true,"href":"https:\/\/neovision.com.vn\/en\/wp-json\/wp\/v2\/media\/5878"}],"wp:attachment":[{"href":"https:\/\/neovision.com.vn\/en\/wp-json\/wp\/v2\/media?parent=4602"}],"wp:term":[{"taxonomy":"product_cat","embeddable":true,"href":"https:\/\/neovision.com.vn\/en\/wp-json\/wp\/v2\/product_cat?post=4602"},{"taxonomy":"product_tag","embeddable":true,"href":"https:\/\/neovision.com.vn\/en\/wp-json\/wp\/v2\/product_tag?post=4602"}],"curies":[{"name":"wp","href":"https:\/\/api.w.org\/{rel}","templated":true}]}}