{"id":4593,"date":"2022-08-18T22:54:20","date_gmt":"2022-08-18T22:54:20","guid":{"rendered":"https:\/\/neovision.com.vn\/?post_type=product&#038;p=4593"},"modified":"2022-11-09T09:21:25","modified_gmt":"2022-11-09T09:21:25","slug":"khau-trang-chong-nang-4-in-1-kool-neomask-vc-mau-xam","status":"publish","type":"product","link":"https:\/\/neovision.com.vn\/en\/product\/khau-trang-chong-nang-4-in-1-kool-neomask-vc-mau-xam\/","title":{"rendered":"Kool NeoMask VC 4 In 1 Sun Protection Mask (Gray)"},"content":{"rendered":"<p><strong>Kool NeoMask VC<\/strong>\u00a0&#8211; d\u00f2ng kh\u1ea9u trang \u0111a n\u0103ng t\u00edch h\u1ee3p 4 t\u00ednh n\u0103ng ch\u1ec9 trong 1 s\u1ea3n ph\u1ea9m duy nh\u1ea5t, mang \u0111\u1ebfn cho ng\u01b0\u1eddi d\u00f9ng m\u1ed9t gi\u1ea3i ph\u00e1p b\u1ea3o v\u1ec7 l\u00e0n da v\u00e0 h\u1ec7 h\u00f4 h\u1ea5p to\u00e0n di\u1ec7n.<\/p>\n<h2>1. Specifications<\/h2>\n<p>&#8211;\u00a0<strong>Color:<\/strong>\u00a0Gray<br \/>\n&#8211;<strong>\u00a0Material:<\/strong>\u00a0Technical fabric and filters<br \/>\n&#8211;\u00a0<strong>Dimensions:<\/strong>\u00a013&#215;15.5 cm<br \/>\n&#8211;\u00a0<strong>Features:<\/strong>\u00a0Ch\u1ed1ng n\u1eafng &#8211; Ch\u1ed1ng b\u1ee5i si\u00eau m\u1ecbn &#8211; Ch\u1ed1ng vi khu\u1ea9n &#8211; Ch\u1ed1ng \u00f4 nhi\u1ec5m<\/p>\n<h2>2. KOOL NEOMASK VC. FEATURES<\/h2>\n<p><strong>SUNSCREEN<\/strong><\/p>\n<p>Kool NeoMask VC owns a fabric that protects against UV rays up to more than 98% according to test results at the Industrial Technical Center of Fukuoka Prefecture (Japan) to help protect your delicate skin under the sun.<\/p>\n<p><strong>ANTI-DUST, SMOOTH<\/strong><br \/>\nKool NeoMask VC meets the N95 standards with up to 95% dust resistance, tested at Nelson Laboratories (USA), limiting the penetration of PM2.5 ultrafine dust particles that attack the respiratory system.<\/p>\n<p><strong>ANTI-Bacteria<\/strong><br \/>\nTested at Nelson Laboratories (USA), Kool NeoMask VC achieves a 95% BFE filter efficiency index that ensures the ability to prevent bacteria in the air.<\/p>\n<p><strong>ANTI-POLLUTION<\/strong><br \/>\nThe activated carbon filter layer of the Kool NeoMask VC removes pollutants from the air through the adsorption process. During this process, pollutants will stick to the outside of the coal layer but cannot get inside the respiratory system.<\/p>\n<h2>3. INSTRUCTIONS FOR USING KOOL NEOMASK VC<\/h2>\n<p><strong>Step 1:<\/strong>\u00a0Hold the two straps by hand and slowly stretch them<br \/>\n<strong>Step 2:<\/strong>Wear 2 straps over the ears, adjust the metal bar on the nose to fit the bridge of the nose<br \/>\n<strong>Step 3:\u00a0<\/strong>Use both hands to apply the entire mask to your face and breathe heavily. If there is still air in, adjust the metal bar, and strap so that the mask fits the face, to ensure that the product promotes the best protection.<\/p>\n<p><strong><u><em>Note:<\/em><\/u><em>\u00a0<\/em><\/strong>The product comes with a zip bag to help you store the mask after each use.<\/p>\n<h2>4. QUALITY STANDARDS kool Neomask VC<\/h2>\n<p class=\" translation-block\">NeoVision's products meet the quality criteria tested in domestic and foreign laboratories.<br>\n- Achieved 95% BFE filter efficiency index tested at Nelson laboratory (USA)<br>\n- Achieved UV resistance up to more than 98% tested at Fukuoka Prefectural Industrial Technical Center (Japan)<br>\n- Meets N95 standard tested at Nelson laboratory (USA)<br>\n- Meet ISO 9001:2000 standard<br>\n- Meet the European standard EN 143:2000<br>\n- Meet Vietnamese standards TVCN 7312:2003<\/p>\n<h2>5. PRESTIGE AWARDS<\/h2>\n<p>NeoVision is honored to receive many prestigious awards:<br \/>\n&#8211; Th\u01b0\u01a1ng hi\u1ec7u m\u1ea1nh ASEAN 2019<br \/>\n&#8211; Top 100 th\u01b0\u01a1ng hi\u1ec7u Vi\u1ec7t Nam 2016<br \/>\n&#8211; Top Brand 2014<br \/>\n&#8211; Top 100 nh\u00e0 cung c\u1ea5p v\u00e0ng 2010 do NQA (Anh Qu\u1ed1c) ch\u1ee9ng nh\u1eadn<br \/>\n&#8211; H\u1ee3p \u0111\u1ed3ng b\u1ea3o hi\u1ec3m ch\u1ea5t l\u01b0\u1ee3ng h\u00e0ng h\u00f3a (PLI)<\/p>\n<p>&nbsp;<\/p>\n<p><img loading=\"lazy\" class=\"alignnone wp-image-7917\" src=\"https:\/\/neovision.com.vn\/wp-content\/uploads\/2022\/08\/A\u0309nh-chu\u0323p-Ma\u0300n-hi\u0300nh-2019-12-09-lu\u0301c-10_07_37-300x202.png\" alt=\"\" width=\"823\" height=\"554\" srcset=\"https:\/\/neovision.com.vn\/wp-content\/uploads\/2022\/08\/A\u0309nh-chu\u0323p-Ma\u0300n-hi\u0300nh-2019-12-09-lu\u0301c-10_07_37-300x202.png 300w, https:\/\/neovision.com.vn\/wp-content\/uploads\/2022\/08\/A\u0309nh-chu\u0323p-Ma\u0300n-hi\u0300nh-2019-12-09-lu\u0301c-10_07_37-768x517.png 768w, https:\/\/neovision.com.vn\/wp-content\/uploads\/2022\/08\/A\u0309nh-chu\u0323p-Ma\u0300n-hi\u0300nh-2019-12-09-lu\u0301c-10_07_37-600x404.png 600w, https:\/\/neovision.com.vn\/wp-content\/uploads\/2022\/08\/A\u0309nh-chu\u0323p-Ma\u0300n-hi\u0300nh-2019-12-09-lu\u0301c-10_07_37.png 1020w\" sizes=\"(max-width: 823px) 100vw, 823px\" \/><\/p>","protected":false},"excerpt":{"rendered":"<p><strong>KOOL NeoMask VC<\/strong>\u00a0&#8211; d\u00f2ng kh\u1ea9u trang \u0111a n\u0103ng t\u00edch h\u1ee3p 4 t\u00ednh n\u0103ng ch\u1ed1ng n\u1eafng &#8211; ch\u1ed1ng b\u1ee5i m\u1ecbn &#8211; ch\u1ed1ng \u00f4 nhi\u1ec5m trong duy nh\u1ea5t 1 s\u1ea3n ph\u1ea9m.<\/p>","protected":false},"featured_media":10285,"template":"","meta":[],"product_cat":[31],"product_tag":[],"_links":{"self":[{"href":"https:\/\/neovision.com.vn\/en\/wp-json\/wp\/v2\/product\/4593"}],"collection":[{"href":"https:\/\/neovision.com.vn\/en\/wp-json\/wp\/v2\/product"}],"about":[{"href":"https:\/\/neovision.com.vn\/en\/wp-json\/wp\/v2\/types\/product"}],"wp:featuredmedia":[{"embeddable":true,"href":"https:\/\/neovision.com.vn\/en\/wp-json\/wp\/v2\/media\/10285"}],"wp:attachment":[{"href":"https:\/\/neovision.com.vn\/en\/wp-json\/wp\/v2\/media?parent=4593"}],"wp:term":[{"taxonomy":"product_cat","embeddable":true,"href":"https:\/\/neovision.com.vn\/en\/wp-json\/wp\/v2\/product_cat?post=4593"},{"taxonomy":"product_tag","embeddable":true,"href":"https:\/\/neovision.com.vn\/en\/wp-json\/wp\/v2\/product_tag?post=4593"}],"curies":[{"name":"wp","href":"https:\/\/api.w.org\/{rel}","templated":true}]}}