{"id":4589,"date":"2022-08-18T22:52:02","date_gmt":"2022-08-18T22:52:02","guid":{"rendered":"https:\/\/neovision.com.vn\/?post_type=product&#038;p=4589"},"modified":"2026-04-03T02:55:57","modified_gmt":"2026-04-03T02:55:57","slug":"khau-trang-than-hoat-tinh-cao-cap-neomask-vc65-thun-qua-tai","status":"publish","type":"product","link":"https:\/\/neovision.com.vn\/en\/product\/khau-trang-than-hoat-tinh-cao-cap-neomask-vc65-thun-qua-tai\/","title":{"rendered":"NeoMask VC65 Activated Carbon Mask (Through the Ear)"},"content":{"rendered":"<div><strong>NeoMask VC65 Activated Carbon Mask (Through the Ear)<\/strong>\u00a0with 7 layer structure.<br \/>\n<strong>&#8211; L\u1edbp ngo\u00e0i: g\u1ed3m 2 l\u1edbp: <\/strong><\/div>\n<div>+ Layer 1: Tricot 100% PE soft elastic woven fabric with 4-way stretch with NeoVision imprinted.<\/div>\n<div>+ Layer 2: white non-woven fabric 100% PP.<br \/>\n<strong>&#8211; B\u1ed9 l\u1ecdc g\u1ed3m 4 l\u1edbp:<\/strong><\/div>\n<div>+ Layer 1: black non-woven fabric 100% PP.<\/div>\n<div>+ Layer 2: activated carbon 100% charcoal<\/div>\n<div>+ Layer 3: Melt-blown ultrafine dust filter N95, BFE99, PM2.5<\/div>\n<div>+ Layer 4: black non-woven fabric 100% PP.<br \/>\n<strong>&#8211; L\u1edbp l\u00f3t:\u00a0<\/strong>100% PE breathable mesh kate fabric.<\/div>\n<h2><strong>PRODUCT CHARACTERISTICS<\/strong><\/h2>\n<div>Products applied foreign technology with imported materials.<br \/>\nThe filter of the mask is manufactured by activated carbon pressed in non-woven fabric (Activated Carbon Nonwoven) with the feature of preventing PM2.5 fine dust, bacteria, and other pollutant waste from entering the respiratory tract, limiting Allergic rhinitis caused by airborne pollutants.<br \/>\nC\u00f3 d\u00e2y \u0111eo qua tai, c\u00f3 nh\u00f4m k\u1eb9p m\u0169i \u0111\u1ea3m b\u1ea3o kh\u1ea9u trang \u00f4m s\u00e1t khu\u00f4n m\u1eb7t.<br \/>\nThe product is perfect for use when traveling on the road, used for both men and women.<\/div>\n<h2><strong>Criterion of Quality<\/strong><\/h2>\n<ul>\n<li>S\u1ea3n ph\u1ea9m \u0111\u01b0\u1ee3c ki\u1ec3m nghi\u1ec7m t\u1ea1i Ph\u00f2ng Th\u00ed Nghi\u1ec7m Nelson (M\u1ef9) \u0111\u1ea1t ch\u1ec9 s\u1ed1 hi\u1ec7u qu\u1ea3 l\u1ecdc khu\u1ea9n BFE 95%.<\/li>\n<li>H\u1ec7 th\u1ed1ng ch\u1ea5t l\u01b0\u1ee3ng \u0111\u1ea1t ti\u00eau chu\u1ea9n qu\u1ed1c t\u1ebf ISO 9001:2015.<\/li>\n<li>B\u1ed9 l\u1ecdc \u0111\u1ea1t ti\u00eau chu\u1ea9n EN 143:2000 P1 R \u2013 Ph\u01b0\u01a1ng ti\u1ec7n b\u1ea3o v\u1ec7 c\u01a1 quan h\u00f4 h\u1ea5p \u2013 Phin l\u1ecdc b\u1ee5i.<\/li>\n<li>\u0110\u1ea1t Quy chu\u1ea9n Qu\u1ed1c gia QCVN 01:2017\/BCT v\u1ec1 m\u1ee9c gi\u1edbi h\u1ea1n h\u00e0m l\u01b0\u1ee3ng formaldehyde v\u00e0 c\u00e1c amin th\u01a1m chuy\u1ec3n h\u00f3a t\u1eeb thu\u1ed1c nhu\u1ed9m azo trong s\u1ea3n ph\u1ea9m d\u1ec7t may.<\/li>\n<\/ul>\n<h2><strong>INSTRUCTIONS FOR USE NeoMask NeoVision vc65 activated carbon mask<\/strong><\/h2>\n<div>Place the mask neatly between the bridge of the nose and chin, and put the elastic around the nape of the neck<br \/>\nAdjust the nose clip to hug the bridge of the nose to ensure all gaps are sealed<\/div>\n<h2><strong>HOW TO STORAGE NeoMask NeoVision vc65 activated carbon mask<\/strong><\/h2>\n<div>Clean or wash the mask normally (Remove the activated carbon layer before washing).<br \/>\nUse time: 01 - 03 months from the date of starting to tear the packaging<\/div>\n<div>\n<p><strong>SHIP COD FEES TABLE FOR REFERENCE:<\/strong><\/p>\n<p><img src=\"https:\/\/www.neovision.com.vn\/Upload\/images\/A%CC%89nh%20chu%CC%A3p%20Ma%CC%80n%20hi%CC%80nh%202019-12-09%20lu%CC%81c%2010_07_37.png\" alt=\"\" \/><img loading=\"lazy\" class=\"alignnone wp-image-7917\" src=\"https:\/\/neovision.com.vn\/wp-content\/uploads\/2022\/08\/A\u0309nh-chu\u0323p-Ma\u0300n-hi\u0300nh-2019-12-09-lu\u0301c-10_07_37-300x202.png\" alt=\"\" width=\"823\" height=\"554\" srcset=\"https:\/\/neovision.com.vn\/wp-content\/uploads\/2022\/08\/A\u0309nh-chu\u0323p-Ma\u0300n-hi\u0300nh-2019-12-09-lu\u0301c-10_07_37-300x202.png 300w, https:\/\/neovision.com.vn\/wp-content\/uploads\/2022\/08\/A\u0309nh-chu\u0323p-Ma\u0300n-hi\u0300nh-2019-12-09-lu\u0301c-10_07_37-768x517.png 768w, https:\/\/neovision.com.vn\/wp-content\/uploads\/2022\/08\/A\u0309nh-chu\u0323p-Ma\u0300n-hi\u0300nh-2019-12-09-lu\u0301c-10_07_37-600x404.png 600w, https:\/\/neovision.com.vn\/wp-content\/uploads\/2022\/08\/A\u0309nh-chu\u0323p-Ma\u0300n-hi\u0300nh-2019-12-09-lu\u0301c-10_07_37.png 1020w\" sizes=\"(max-width: 823px) 100vw, 823px\" \/><\/p>\n<\/div>","protected":false},"excerpt":{"rendered":"<ul>\n<li>Random color delivery<\/li>\n<li>Materials: Tricot spandex fabric, non-woven fabric, and sheet activated carbon, sweat-absorbing Cotton fabric<\/li>\n<li>An activated carbon filter helps prevent dirt from entering the respiratory tract<\/li>\n<li>Neckband design<\/li>\n<li>Made in Vietnam.<\/li>\n<\/ul>","protected":false},"featured_media":10171,"template":"","meta":[],"product_cat":[16,31],"product_tag":[],"_links":{"self":[{"href":"https:\/\/neovision.com.vn\/en\/wp-json\/wp\/v2\/product\/4589"}],"collection":[{"href":"https:\/\/neovision.com.vn\/en\/wp-json\/wp\/v2\/product"}],"about":[{"href":"https:\/\/neovision.com.vn\/en\/wp-json\/wp\/v2\/types\/product"}],"wp:featuredmedia":[{"embeddable":true,"href":"https:\/\/neovision.com.vn\/en\/wp-json\/wp\/v2\/media\/10171"}],"wp:attachment":[{"href":"https:\/\/neovision.com.vn\/en\/wp-json\/wp\/v2\/media?parent=4589"}],"wp:term":[{"taxonomy":"product_cat","embeddable":true,"href":"https:\/\/neovision.com.vn\/en\/wp-json\/wp\/v2\/product_cat?post=4589"},{"taxonomy":"product_tag","embeddable":true,"href":"https:\/\/neovision.com.vn\/en\/wp-json\/wp\/v2\/product_tag?post=4589"}],"curies":[{"name":"wp","href":"https:\/\/api.w.org\/{rel}","templated":true}]}}