{"id":4581,"date":"2022-08-18T22:44:47","date_gmt":"2022-08-18T22:44:47","guid":{"rendered":"https:\/\/neovision.com.vn\/?post_type=product&#038;p=4581"},"modified":"2026-04-03T02:51:58","modified_gmt":"2026-04-03T02:51:58","slug":"khau-trang-than-hoat-tinh-neomask-nc95","status":"publish","type":"product","link":"https:\/\/neovision.com.vn\/en\/product\/khau-trang-than-hoat-tinh-neomask-nc95\/","title":{"rendered":"NeoMask NC95 Activated Carbon Mask"},"content":{"rendered":"<p style=\"text-align: left;\"><strong>NeoVision NeoMask NC95 active carbon mask<\/strong>\u00a0<strong>c\u00f3 c\u1ea5u t\u1ea1o :<\/strong><\/p>\n<ul>\n<li>Ph\u1ea7n th\u1ee9 1 \u2013 l\u1edbp ngo\u00e0i g\u1ed3m v\u1ea3i kh\u00f4ng d\u1ec7t v\u00e0 v\u1ea3i l\u01b0\u1edbi in logo.<\/li>\n<li>Ph\u1ea7n th\u1ee9 2: B\u1ed9 l\u1ecdc filter c\u00f3 g\u1eafn nh\u00e3n \u201cMade by NEOVISION\u201d.<\/li>\n<li>Ph\u1ea7n th\u1ee9 3: v\u1ea3i l\u01b0\u1edbi th\u1ea5m h\u00fat m\u1ed3 h\u00f4i.<\/li>\n<\/ul>\n<h2 style=\"text-align: left;\"><strong>Characteristics of NeoVision NeoMask NC95 Activated Carbon Mask\u00a0<\/strong><\/h2>\n<p style=\"text-align: left;\">The mask line has breathable properties with special fabric in the form of a honeycomb mesh for comfortable breathing during use.<br \/>\nThe filter layer design closely embraces the face, ensuring the best shielding.<br \/>\nThe product is manufactured with\u00a0<strong>ACF-activated carbon fiber<\/strong>\u00a0pressed in a non-woven fabric to help prevent PM2.5 fine dust, bacteria, and other pollutants from entering the respiratory system.<br \/>\nPerfect use in industrial environments, wood mills, steel mills, metallurgy, chemicals ... contaminated contact environment or moving on the road in highly polluted conditions.<br \/>\nOur Products\u00a0<strong>REPLACES THE FILTER LAYER<\/strong>\u00a0after 3-6 months of use.<\/p>\n<h2 style=\"text-align: left;\"><strong>Quality standards<\/strong><\/h2>\n<ul>\n<li>H\u1ec7 th\u1ed1ng ch\u1ea5t l\u01b0\u1ee3ng \u0111\u1ea1t ti\u00eau chu\u1ea9n qu\u1ed1c t\u1ebf ISO 9001:2015.<\/li>\n<li>B\u1ed9 l\u1ecdc \u0111\u1ea1t chu\u1ea9n EN 143:2000 P1 R<\/li>\n<li>\u0110\u1ea1t quy chu\u1ea9n k\u1ef9 thu\u1eadt qu\u1ed1c gia QVN 01:2017\/BCT v\u1ec1 m\u1ee9c gi\u1edbi h\u1ea1n h\u00e0m l\u01b0\u1ee3ng formaldehyde v\u00e0 c\u00e1c amin th\u01a1m chuy\u1ec3n h\u00f3a t\u1eeb thu\u1ed1c nhu\u1ed9m azo trong s\u1ea3n ph\u1ea9m d\u1ec7t may.<\/li>\n<\/ul>\n<h2 style=\"text-align: left;\"><strong>Instructions for use and storage of NeoVision NeoMask NC95 Activated Carbon Mask\u00a0<\/strong><\/h2>\n<ul style=\"text-align: left;\">\n<li>Instructions for use and storage of NeoVision NeoMask NC95Activated Carbon Mask.<\/li>\n<li>Adjust the nose clip to hug the bridge of the nose to ensure all gaps are sealed<\/li>\n<\/ul>\n<h2 style=\"text-align: left;\"><strong>Storage Instructions\u00a0<\/strong><\/h2>\n<ul style=\"text-align: left;\">\n<li>The ACF filter is designed for easy remove<\/li>\n<li>Store in normal conditions.<\/li>\n<li>C\u00f3 th\u1ec3 r\u1eeda hay gi\u1eb7t kh\u1ea9u trang b\u00ecnh th\u01b0\u1eddng <strong>(khi gi\u1eb7t c\u1ea7n l\u01b0u \u00fd th\u00e1o l\u1edbp than ho\u1ea1t t\u00ednh ra)<\/strong>.<\/li>\n<li>Th\u1eddi h\u1ea1n s\u1eed d\u1ee5ng c\u1ee7a than ho\u1ea1t t\u00ednh t\u1eeb 3 &#8211; 6 th\u00e1ng (<strong>k\u1ec3 t\u1eeb ng\u00e0y x\u00e9 bao b\u00ec<\/strong>)<\/li>\n<\/ul>\n<div>\n<p><img class=\"alignleft\" src=\"https:\/\/www.neovision.com.vn\/Upload\/images\/A%CC%89nh%20chu%CC%A3p%20Ma%CC%80n%20hi%CC%80nh%202019-12-09%20lu%CC%81c%2010_07_37.png\" alt=\"\" \/><\/p>\n<\/div>","protected":false},"excerpt":{"rendered":"<ul>\n<li>Th\u00e0nh ph\u1ea7n c\u1ea5u t\u1ea1o: V\u1ea3i d\u1ec7t l\u01b0\u1edbi &#8211; x\u1ed1p, v\u1ea3i kh\u00f4ng d\u1ec7t, than ho\u1ea1t t\u00ednh d\u1ea1ng s\u1ee3i (Fiber), v\u1ea3i cotton th\u01b0\u1eddng th\u1ea5m h\u00fat m\u1ed3 h\u00f4i.<\/li>\n<li>ACF's active carbon composition prevents dirt from entering the respiratory tract.<\/li>\n<li>Handy scarf neckline design.<\/li>\n<li>Made in Vietnam.<\/li>\n<\/ul>","protected":false},"featured_media":5920,"template":"","meta":[],"product_cat":[31],"product_tag":[],"_links":{"self":[{"href":"https:\/\/neovision.com.vn\/en\/wp-json\/wp\/v2\/product\/4581"}],"collection":[{"href":"https:\/\/neovision.com.vn\/en\/wp-json\/wp\/v2\/product"}],"about":[{"href":"https:\/\/neovision.com.vn\/en\/wp-json\/wp\/v2\/types\/product"}],"wp:featuredmedia":[{"embeddable":true,"href":"https:\/\/neovision.com.vn\/en\/wp-json\/wp\/v2\/media\/5920"}],"wp:attachment":[{"href":"https:\/\/neovision.com.vn\/en\/wp-json\/wp\/v2\/media?parent=4581"}],"wp:term":[{"taxonomy":"product_cat","embeddable":true,"href":"https:\/\/neovision.com.vn\/en\/wp-json\/wp\/v2\/product_cat?post=4581"},{"taxonomy":"product_tag","embeddable":true,"href":"https:\/\/neovision.com.vn\/en\/wp-json\/wp\/v2\/product_tag?post=4581"}],"curies":[{"name":"wp","href":"https:\/\/api.w.org\/{rel}","templated":true}]}}