{"id":10492,"date":"2022-11-09T04:36:34","date_gmt":"2022-11-09T04:36:34","guid":{"rendered":"https:\/\/neovision.com.vn\/?post_type=product&#038;p=10492"},"modified":"2026-04-03T02:45:08","modified_gmt":"2026-04-03T02:45:08","slug":"khau-trang-than-hoat-tinh-cao-cap-neo-air","status":"publish","type":"product","link":"https:\/\/neovision.com.vn\/en\/product\/khau-trang-than-hoat-tinh-cao-cap-neo-air\/","title":{"rendered":"Kh\u1ea9u Trang Than Ho\u1ea1t T\u00ednh Cao C\u1ea5p Neo-Air"},"content":{"rendered":"<p><strong>Kh\u1ea9u trang NeoMask <\/strong><strong>NEO-Air <\/strong>with 7 layer structure.<br \/>\n<span style=\"text-decoration: underline;\"><strong>&#8211; L\u1edbp ngo\u00e0i g\u1ed3m:<\/strong><\/span><\/p>\n<ul>\n<li>V\u1ecf kh\u1ea9u trang b\u1eb1ng v\u1ea3i d\u1ec7t d\u1ea1ng l\u01b0\u1edbi \u2013 than t\u1ed5 ong m\u00e0u xanh \u0111en. Thi\u1ebft k\u1ebf h\u1ecda ti\u1ebft h\u00ecnh h\u1ecdc th\u1eddi trang c\u00f9ng c\u00f4ng d\u1ee5ng tho\u00e1ng kh\u00ed tho\u1ea3i m\u00e1i khi s\u1eed d\u1ee5ng.<\/li>\n<li>L\u1edbp l\u00f3t v\u1ea3i kh\u00f4ng d\u1ec7t m\u00e0u \u0111en<\/li>\n<\/ul>\n<p><span style=\"text-decoration: underline;\"><strong>&#8211; B\u1ed9 l\u1ecdc than ho\u1ea1t t\u00ednh c\u00f3 g\u1eafn nh\u00e3n v\u1ea3i \u201cmade by NeoVision\u201d g\u1ed3m 4 l\u1edbp:<\/strong><\/span><\/p>\n<ul>\n<li>L\u1edbp 1- v\u1ea3i kh\u00f4ng d\u1ec7t m\u00e0u \u0111en.<\/li>\n<li>L\u1edbp 2- l\u1edbp than Fiber m\u00e0u \u0111en, gi\u00fap h\u1ed7 tr\u1ee3 l\u1ecdc m\u00f9i h\u00f4i, m\u00f9i kh\u00ed ga, m\u00f9i h\u00f3a ch\u1ea5t trong m\u00f4i tr\u01b0\u1eddng l\u00e0m vi\u1ec7c v\u00e0 c\u00e1c lo\u1ea1i kh\u00f4ng kh\u00ed \u00f4 nhi\u1ec5m kh\u00e1c.<\/li>\n<li>L\u1edbp 3- l\u1edbp Meltblown (l\u1edbp l\u1ecdc khu\u1ea9n si\u00eau m\u1ecbn) m\u00e0u tr\u1eafng N95 gi\u00fap l\u1ecdc khu\u1ea9n v\u00e0 b\u1ee5i m\u1ecbn hi\u1ec7u qu\u1ea3 c\u00f3 kh\u1ea3 n\u0103ng l\u1ecdc \u0111\u1ebfn 95% v\u00e0 b\u1ee5i m\u1ecbn pm 2.5.<\/li>\n<li>L\u1edbp 4- V\u1ea3i kh\u00f4ng d\u1ec7t m\u00e0u \u0111en in logo NEOVISION.<\/li>\n<\/ul>\n<p><span style=\"text-decoration: underline;\"><strong>&#8211; L\u1edbp l\u00f3t:<\/strong><\/span> v\u1ea3i l\u01b0\u1edbi m\u00e0u xanh \u0111en c\u00f3 kh\u1ea3 n\u0103ng th\u1ea5m h\u00fat m\u1ed3 h\u00f4i, m\u1ec1m m\u1ea1i v\u00e0 th\u00e2n thi\u1ec7n v\u1edbi l\u00e0n da.<\/p>\n<h2><strong>PRODUCT CHARACTERISTICS<\/strong><\/h2>\n<p>Products applied foreign technology with imported materials.<\/p>\n<p>B\u1ed9 l\u1ecdc hi\u1ec7u qu\u1ea3 g\u1ed3m Fiber than ho\u1ea1t t\u00ednh (Activated Carbon Fiber) c\u00f3 t\u00ednh n\u0103ng ng\u0103n ch\u1eb7n h\u1ea7u h\u1ebft c\u00e1c h\u1ea1y b\u1ee5i nh\u1ecf nh\u1ea5t v\u00e0 kh\u1eed m\u00f9i, l\u1ecdc c\u00e1c ch\u1ea5t h\u00f3a h\u1ecdc c\u00f3 h\u1ea1i cho s\u1ee9c kh\u1ecfe. K\u1ebft h\u1ee3p v\u1edbi l\u1edbp l\u1ecdc b\u1ee5i si\u00eau m\u1ecbn Meltblown gi\u00fap l\u1ecdc khu\u1ea9n v\u00e0 b\u1ee5i m\u1ecbn hi\u1ec7u qu\u1ea3.<\/p>\n<p>C\u00f3 d\u00e2y \u0111eo qua tai, c\u00f3 nh\u00f4m k\u1eb9p m\u0169i \u0111\u1ea3m b\u1ea3o kh\u1ea9u trang \u00f4m s\u00e1t khu\u00f4n m\u1eb7t.<\/p>\n<p>The product is perfect for use when traveling on the road, used for both men and women.<\/p>\n<h2>Criterion of Quality<\/h2>\n<ul>\n<li>\u0110\u1ea1t ti\u00eau chu\u1ea9n ISO 9001:2015<\/li>\n<li>\u0110\u1ea1t quy chu\u1ea9n k\u1ef9 thu\u1eadt qu\u1ed1c gia QVN 01:2017\/BCT v\u1ec1 m\u1ee9c gi\u1edbi h\u1ea1n h\u00e0m l\u01b0\u1ee3ng formaldehyde v\u00e0 c\u00e1c amin th\u01a1m chuy\u1ec3n h\u00f3a t\u1eeb thu\u1ed1c nhu\u1ed9m azo trong s\u1ea3n ph\u1ea9m d\u1ec7t may.<\/li>\n<li>B\u1ed9 l\u1ecdc \u0111\u1ea1t chu\u1ea9n EN 143:2000 P1 R<\/li>\n<\/ul>\n<h2>INSTRUCTIONS FOR USE<\/h2>\n<p>S\u1ea3n ph\u1ea9m \u0111\u01b0\u1ee3c b\u1ea3o qu\u1ea3n n\u01a1i kh\u00f4, tho\u00e1ng, s\u1ea1ch s\u1ebd.<\/p>\n<p>&#8211; \u00a0\u00a0\u00a0 Khi \u0111eo kh\u1ea9u trang d\u00f9ng 2 ng\u00f3n tay b\u00f3p mi\u1ebfng nh\u00f4m cho kh\u00edt s\u1ed1ng m\u0169i.<\/p>\n<p>&#8211; \u00a0\u00a0\u00a0 Kh\u00f4ng \u0111\u1ec3 b\u1ea9n m\u1eb7t trong c\u1ee7a kh\u1ea9u trang, nh\u1ea5t l\u00e0 khi ti\u1ebfp x\u00fac v\u1edbi b\u1ee5i v\u00e0 h\u00f3a ch\u1ea5t.<\/p>\n<p>&#8211;\u00a0\u00a0\u00a0\u00a0 Lu\u00f4n \u0111\u1ec3 kh\u1ea9u trang \u1edf n\u01a1i s\u1ea1ch s\u1ebd khi kh\u00f4ng s\u1eed d\u1ee5ng.<\/p>\n<p>&#8211;\u00a0\u00a0\u00a0\u00a0 H\u1ea1n s\u1eed d\u1ee5ng: s\u1eed d\u1ee5ng t\u1ed1t nh\u1ea5t trong v\u00f2ng 03 \u0111\u1ebfn 06 th\u00e1ng k\u1ec3 t\u1eeb ng\u00e0y m\u1edf mi\u1ec7ng bao PE.<\/p>\n<h2><strong>SHIP COD FEES TABLE FOR REFERENCE:<\/strong><\/h2>\n<p><img loading=\"lazy\" class=\"alignnone wp-image-7917\" src=\"https:\/\/neovision.com.vn\/wp-content\/uploads\/2022\/08\/A\u0309nh-chu\u0323p-Ma\u0300n-hi\u0300nh-2019-12-09-lu\u0301c-10_07_37-300x202.png\" alt=\"\" width=\"823\" height=\"554\" srcset=\"https:\/\/neovision.com.vn\/wp-content\/uploads\/2022\/08\/A\u0309nh-chu\u0323p-Ma\u0300n-hi\u0300nh-2019-12-09-lu\u0301c-10_07_37-300x202.png 300w, https:\/\/neovision.com.vn\/wp-content\/uploads\/2022\/08\/A\u0309nh-chu\u0323p-Ma\u0300n-hi\u0300nh-2019-12-09-lu\u0301c-10_07_37-768x517.png 768w, https:\/\/neovision.com.vn\/wp-content\/uploads\/2022\/08\/A\u0309nh-chu\u0323p-Ma\u0300n-hi\u0300nh-2019-12-09-lu\u0301c-10_07_37-600x404.png 600w, https:\/\/neovision.com.vn\/wp-content\/uploads\/2022\/08\/A\u0309nh-chu\u0323p-Ma\u0300n-hi\u0300nh-2019-12-09-lu\u0301c-10_07_37.png 1020w\" sizes=\"(max-width: 823px) 100vw, 823px\" \/><\/p>","protected":false},"excerpt":{"rendered":"<ul>\n<li>V\u1ecf kh\u1ea9u trang: v\u1ea3i d\u1ec7t d\u1ea1ng l\u01b0\u1edbi v\u00e0 than ho\u1ea1t t\u00ednh d\u1ea1ng t\u1ea5m, v\u1ea3i Cotton th\u1ea5m h\u00fat m\u1ed3 h\u00f4i<\/li>\n<li>B\u1ed9 l\u1ecdc\u00a0than ho\u1ea1t t\u00ednh l\u1ecdc h\u1ea7u h\u1ebft c\u00e1c m\u00f9i h\u00f4i, h\u00f3a ch\u1ea5t, m\u00f9i x\u0103ng xe v\u00e0 kh\u00f3i. B\u1ea3o v\u1ec7 h\u1ec7 h\u00f4 h\u1ea5p, gi\u00fap h\u1ea1n ch\u1ebf vi\u00eam m\u0169i, d\u1ecb \u1ee9ng c\u00e1c ch\u1ea5t \u00f4 nhi\u1ec5m trong kh\u00f4ng kh\u00ed v\u00e0 trong m\u00f4i tr\u01b0\u1eddng l\u00e0m vi\u1ec7c.<\/li>\n<li>Thi\u1ebft k\u1ebf d\u00e2y thun tai m\u1ec1m m\u1ea1i<\/li>\n<li>Made in Vietnam.<\/li>\n<\/ul>","protected":false},"featured_media":10291,"template":"","meta":[],"product_cat":[31],"product_tag":[],"_links":{"self":[{"href":"https:\/\/neovision.com.vn\/en\/wp-json\/wp\/v2\/product\/10492"}],"collection":[{"href":"https:\/\/neovision.com.vn\/en\/wp-json\/wp\/v2\/product"}],"about":[{"href":"https:\/\/neovision.com.vn\/en\/wp-json\/wp\/v2\/types\/product"}],"wp:featuredmedia":[{"embeddable":true,"href":"https:\/\/neovision.com.vn\/en\/wp-json\/wp\/v2\/media\/10291"}],"wp:attachment":[{"href":"https:\/\/neovision.com.vn\/en\/wp-json\/wp\/v2\/media?parent=10492"}],"wp:term":[{"taxonomy":"product_cat","embeddable":true,"href":"https:\/\/neovision.com.vn\/en\/wp-json\/wp\/v2\/product_cat?post=10492"},{"taxonomy":"product_tag","embeddable":true,"href":"https:\/\/neovision.com.vn\/en\/wp-json\/wp\/v2\/product_tag?post=10492"}],"curies":[{"name":"wp","href":"https:\/\/api.w.org\/{rel}","templated":true}]}}