{"id":1220,"date":"2022-08-07T13:29:37","date_gmt":"2022-08-07T13:29:37","guid":{"rendered":"https:\/\/neovision.com.vn\/?page_id=1220"},"modified":"2022-10-31T23:52:16","modified_gmt":"2022-10-31T23:52:16","slug":"chinh-sach-hop-tac","status":"publish","type":"page","link":"https:\/\/neovision.com.vn\/en\/chinh-sach-hop-tac\/","title":{"rendered":"Cooperation policy"},"content":{"rendered":"<div data-elementor-type=\"wp-page\" data-elementor-id=\"1220\" class=\"elementor elementor-1220\">\n\t\t\t\t\t\t\t\t\t<section class=\"elementor-section elementor-top-section elementor-element elementor-element-5181d6f elementor-section-boxed elementor-section-height-default elementor-section-height-default\" data-id=\"5181d6f\" data-element_type=\"section\">\n\t\t\t\t\t\t<div class=\"elementor-container elementor-column-gap-default\">\n\t\t\t\t\t<div class=\"elementor-column elementor-col-100 elementor-top-column elementor-element elementor-element-5da448d\" data-id=\"5da448d\" data-element_type=\"column\">\n\t\t\t<div class=\"elementor-widget-wrap elementor-element-populated\">\n\t\t\t\t\t\t\t\t<div class=\"elementor-element elementor-element-0f0a8f3 elementor-widget elementor-widget-text-editor\" data-id=\"0f0a8f3\" data-element_type=\"widget\" data-widget_type=\"text-editor.default\">\n\t\t\t\t<div class=\"elementor-widget-container\">\n\t\t\t<style>\/*! elementor - v3.7.2 - 21-08-2022 *\/\n.elementor-widget-text-editor.elementor-drop-cap-view-stacked .elementor-drop-cap{background-color:#818a91;color:#fff}.elementor-widget-text-editor.elementor-drop-cap-view-framed .elementor-drop-cap{color:#818a91;border:3px solid;background-color:transparent}.elementor-widget-text-editor:not(.elementor-drop-cap-view-default) .elementor-drop-cap{margin-top:8px}.elementor-widget-text-editor:not(.elementor-drop-cap-view-default) .elementor-drop-cap-letter{width:1em;height:1em}.elementor-widget-text-editor .elementor-drop-cap{float:left;text-align:center;line-height:1;font-size:50px}.elementor-widget-text-editor .elementor-drop-cap-letter{display:inline-block}<\/style>\t\t\t\t<p><a href=\"https:\/\/neovision.ga\/\">&lt; Quay l\u1ea1i<\/a><br \/><br \/><br \/><strong>Honesty and Transparency<\/strong> are NeoVision's corporate culture<\/p><p>\u00a0<\/p>\t\t\t\t\t\t<\/div>\n\t\t\t\t<\/div>\n\t\t\t\t<div class=\"elementor-element elementor-element-c5757e5 elementor-widget elementor-widget-text-editor\" data-id=\"c5757e5\" data-element_type=\"widget\" data-widget_type=\"text-editor.default\">\n\t\t\t\t<div class=\"elementor-widget-container\">\n\t\t\t\t\t\t\t<p>Cooperation policy<\/p>\t\t\t\t\t\t<\/div>\n\t\t\t\t<\/div>\n\t\t\t\t<div class=\"elementor-element elementor-element-c2ff529 elementor-widget elementor-widget-text-editor\" data-id=\"c2ff529\" data-element_type=\"widget\" data-widget_type=\"text-editor.default\">\n\t\t\t\t<div class=\"elementor-widget-container\">\n\t\t\t\t\t\t\t<p>1. Product<\/p>\t\t\t\t\t\t<\/div>\n\t\t\t\t<\/div>\n\t\t\t\t<div class=\"elementor-element elementor-element-ceb77c1 elementor-widget elementor-widget-text-editor\" data-id=\"ceb77c1\" data-element_type=\"widget\" data-widget_type=\"text-editor.default\">\n\t\t\t\t<div class=\"elementor-widget-container\">\n\t\t\t\t\t\t\t<ul><li><strong>Standard products:<\/strong> The minimum production quantity is 500 pieces\/size\/model.<\/li><li><strong>Customized products:<\/strong> The minimum production quantity is 10,000 pieces\/sample.<\/li><\/ul>\t\t\t\t\t\t<\/div>\n\t\t\t\t<\/div>\n\t\t\t\t<div class=\"elementor-element elementor-element-33e3324 elementor-widget elementor-widget-text-editor\" data-id=\"33e3324\" data-element_type=\"widget\" data-widget_type=\"text-editor.default\">\n\t\t\t\t<div class=\"elementor-widget-container\">\n\t\t\t\t\t\t\t<p>2. Paymentinitial<\/p>\t\t\t\t\t\t<\/div>\n\t\t\t\t<\/div>\n\t\t\t\t<div class=\"elementor-element elementor-element-da631d0 elementor-widget elementor-widget-text-editor\" data-id=\"da631d0\" data-element_type=\"widget\" data-widget_type=\"text-editor.default\">\n\t\t\t\t<div class=\"elementor-widget-container\">\n\t\t\t\t\t\t\t<ul><li>Initial 50% deposit after signing the contract.<\/li><li>Final 50% balance after delivery.<\/li><\/ul>\t\t\t\t\t\t<\/div>\n\t\t\t\t<\/div>\n\t\t\t\t<div class=\"elementor-element elementor-element-90324fb elementor-widget elementor-widget-text-editor\" data-id=\"90324fb\" data-element_type=\"widget\" data-widget_type=\"text-editor.default\">\n\t\t\t\t<div class=\"elementor-widget-container\">\n\t\t\t\t\t\t\t<p>3. Production time<\/p>\t\t\t\t\t\t<\/div>\n\t\t\t\t<\/div>\n\t\t\t\t<div class=\"elementor-element elementor-element-b66ec08 elementor-widget elementor-widget-text-editor\" data-id=\"b66ec08\" data-element_type=\"widget\" data-widget_type=\"text-editor.default\">\n\t\t\t\t<div class=\"elementor-widget-container\">\n\t\t\t\t\t\t\t<ul><li><strong>Standard products:<\/strong> Th\u1eddi gian s\u1ea3n xu\u1ea5t t\u1eeb 7 &#8211; 10 ng\u00e0y ngay sau k\u00fd h\u1ee3p \u0111\u1ed3ng.<\/li><li><strong>Customized products:<\/strong> Th\u1eddi gian s\u1ea3n xu\u1ea5t t\u1eeb 7 &#8211; 10 ng\u00e0y ngay sau khi hai b\u00ean th\u1ed1ng nh\u1ea5t m\u1eabu thi\u1ebft k\u1ebf.<\/li><\/ul>\t\t\t\t\t\t<\/div>\n\t\t\t\t<\/div>\n\t\t\t\t<div class=\"elementor-element elementor-element-ac8e834 elementor-widget elementor-widget-text-editor\" data-id=\"ac8e834\" data-element_type=\"widget\" data-widget_type=\"text-editor.default\">\n\t\t\t\t<div class=\"elementor-widget-container\">\n\t\t\t\t\t\t\t<p>4. Shipping<\/p>\t\t\t\t\t\t<\/div>\n\t\t\t\t<\/div>\n\t\t\t\t<div class=\"elementor-element elementor-element-f3838e6 elementor-widget elementor-widget-text-editor\" data-id=\"f3838e6\" data-element_type=\"widget\" data-widget_type=\"text-editor.default\">\n\t\t\t\t<div class=\"elementor-widget-container\">\n\t\t\t\t\t\t\t<ul><li><strong>Domestic shipping:<\/strong> Free delivery in Ho Chi Minh City area.<\/li><li><strong>International shipping:<\/strong> Two parties negotiate in accordance with the incoterm regulations.<\/li><\/ul>\t\t\t\t\t\t<\/div>\n\t\t\t\t<\/div>\n\t\t\t\t<div class=\"elementor-element elementor-element-5107f04 elementor-absolute elementor-widget elementor-widget-html\" data-id=\"5107f04\" data-element_type=\"widget\" data-settings=\"{&quot;_position&quot;:&quot;absolute&quot;}\" data-widget_type=\"html.default\">\n\t\t\t\t<div class=\"elementor-widget-container\">\n\t\t\t<div><\/div>\t\t<\/div>\n\t\t\t\t<\/div>\n\t\t\t\t<div class=\"elementor-element elementor-element-8464cb8 elementor-absolute elementor-widget elementor-widget-html\" data-id=\"8464cb8\" data-element_type=\"widget\" data-settings=\"{&quot;_position&quot;:&quot;absolute&quot;}\" data-widget_type=\"html.default\">\n\t\t\t\t<div class=\"elementor-widget-container\">\n\t\t\t<div><\/div>\t\t<\/div>\n\t\t\t\t<\/div>\n\t\t\t\t<div class=\"elementor-element elementor-element-aaca3df elementor-absolute elementor-widget elementor-widget-html\" data-id=\"aaca3df\" data-element_type=\"widget\" data-settings=\"{&quot;_position&quot;:&quot;absolute&quot;}\" data-widget_type=\"html.default\">\n\t\t\t\t<div class=\"elementor-widget-container\">\n\t\t\t<div><\/div>\t\t<\/div>\n\t\t\t\t<\/div>\n\t\t\t\t<div class=\"elementor-element elementor-element-7c292f3 elementor-absolute e-transform elementor-widget elementor-widget-image\" data-id=\"7c292f3\" data-element_type=\"widget\" data-settings=\"{&quot;_position&quot;:&quot;absolute&quot;,&quot;_transform_flipY_effect&quot;:&quot;transform&quot;}\" data-widget_type=\"image.default\">\n\t\t\t\t<div class=\"elementor-widget-container\">\n\t\t\t<style>\/*! elementor - v3.7.2 - 21-08-2022 *\/\n.elementor-widget-image{text-align:center}.elementor-widget-image a{display:inline-block}.elementor-widget-image a img[src$=\".svg\"]{width:48px}.elementor-widget-image img{vertical-align:middle;display:inline-block}<\/style>\t\t\t\t\t\t\t\t\t\t\t\t<img src=\"https:\/\/neovision.com.vn\/wp-content\/uploads\/elementor\/thumbs\/Rectangle-23-copy-9-pwvmdwowxr2w132ukud97f2v9m9be8dbb8c88u31qs.png\" title=\"Rectangle 23 copy 9\" alt=\"Rectangle 23 copy 9\" \/>\t\t\t\t\t\t\t\t\t\t\t\t\t\t\t<\/div>\n\t\t\t\t<\/div>\n\t\t\t\t<div class=\"elementor-element elementor-element-57b6032 elementor-absolute elementor-widget elementor-widget-image\" data-id=\"57b6032\" data-element_type=\"widget\" data-settings=\"{&quot;_position&quot;:&quot;absolute&quot;}\" data-widget_type=\"image.default\">\n\t\t\t\t<div class=\"elementor-widget-container\">\n\t\t\t\t\t\t\t\t\t\t\t\t\t\t\t<img src=\"https:\/\/neovision.com.vn\/wp-content\/uploads\/elementor\/thumbs\/Ellipse-6-copy-pwvm7l812ecgxunblxrcj9limb747gdzd2x74866k8.png\" title=\"Ellipse 6 copy\" alt=\"Ellipse 6 copy\" \/>\t\t\t\t\t\t\t\t\t\t\t\t\t\t\t<\/div>\n\t\t\t\t<\/div>\n\t\t\t\t<div class=\"elementor-element elementor-element-aa6dfee elementor-absolute elementor-widget elementor-widget-image\" data-id=\"aa6dfee\" data-element_type=\"widget\" data-settings=\"{&quot;_position&quot;:&quot;absolute&quot;}\" data-widget_type=\"image.default\">\n\t\t\t\t<div class=\"elementor-widget-container\">\n\t\t\t\t\t\t\t\t\t\t\t\t\t\t\t<img src=\"https:\/\/neovision.com.vn\/wp-content\/uploads\/elementor\/thumbs\/Rectangle-23-copy-5-pwvmdr1vb7ctmuz9gn20cvarfwq55p93z4sdpsqi2s.png\" title=\"Rectangle 23 copy 5\" alt=\"Rectangle 23 copy 5\" \/>\t\t\t\t\t\t\t\t\t\t\t\t\t\t\t<\/div>\n\t\t\t\t<\/div>\n\t\t\t\t<div class=\"elementor-element elementor-element-93ae859 elementor-absolute elementor-widget elementor-widget-image\" data-id=\"93ae859\" data-element_type=\"widget\" data-settings=\"{&quot;_position&quot;:&quot;absolute&quot;}\" data-widget_type=\"image.default\">\n\t\t\t\t<div class=\"elementor-widget-container\">\n\t\t\t\t\t\t\t\t\t\t\t\t\t\t\t<img src=\"https:\/\/neovision.com.vn\/wp-content\/uploads\/elementor\/thumbs\/03-pwvm6hr2u71clis8n66pabmyw2p4b3xji49hy5evw8.png\" title=\"03\" alt=\"03\" \/>\t\t\t\t\t\t\t\t\t\t\t\t\t\t\t<\/div>\n\t\t\t\t<\/div>\n\t\t\t\t\t<\/div>\n\t\t<\/div>\n\t\t\t\t\t\t\t<\/div>\n\t\t<\/section>\n\t\t\t\t\t\t\t<\/div>","protected":false},"excerpt":{"rendered":"<p>&lt; Quay l\u1ea1i Minh b\u1ea1ch v\u00e0 trung th\u1ef1c l\u00e0 ti\u00eau ch\u00ed trong h\u1ee3p t\u00e1c c\u1ee7a NeoVision cho t\u1eebng \u0111\u1ed1i t\u00e1c \u00a0 Ch\u00ednh s\u00e1ch h\u1ee3p t\u00e1c 1. S\u1ea3n ph\u1ea9m: \u0110\u1ed1i v\u1edbi s\u1ea3n ph\u1ea9m v\u1edbi thi\u1ebft k\u1ebf s\u1eb5n: S\u1ed1 l\u01b0\u1ee3ng s\u1ea3n xu\u1ea5t t\u1ed1i thi\u1ec3u l\u00e0 500 c\u00e1i\/ size\/ m\u1eabu. \u0110\u1ed1i v\u1edbi s\u1ea3n ph\u1ea9m thi\u1ebft k\u1ebf OEM theo [&hellip;]<\/p>","protected":false},"author":1,"featured_media":0,"parent":0,"menu_order":0,"comment_status":"closed","ping_status":"closed","template":"","meta":[],"_links":{"self":[{"href":"https:\/\/neovision.com.vn\/en\/wp-json\/wp\/v2\/pages\/1220"}],"collection":[{"href":"https:\/\/neovision.com.vn\/en\/wp-json\/wp\/v2\/pages"}],"about":[{"href":"https:\/\/neovision.com.vn\/en\/wp-json\/wp\/v2\/types\/page"}],"author":[{"embeddable":true,"href":"https:\/\/neovision.com.vn\/en\/wp-json\/wp\/v2\/users\/1"}],"replies":[{"embeddable":true,"href":"https:\/\/neovision.com.vn\/en\/wp-json\/wp\/v2\/comments?post=1220"}],"version-history":[{"count":3,"href":"https:\/\/neovision.com.vn\/en\/wp-json\/wp\/v2\/pages\/1220\/revisions"}],"predecessor-version":[{"id":10257,"href":"https:\/\/neovision.com.vn\/en\/wp-json\/wp\/v2\/pages\/1220\/revisions\/10257"}],"wp:attachment":[{"href":"https:\/\/neovision.com.vn\/en\/wp-json\/wp\/v2\/media?parent=1220"}],"curies":[{"name":"wp","href":"https:\/\/api.w.org\/{rel}","templated":true}]}}